{"id":119,"date":"2022-03-05T16:02:02","date_gmt":"2022-03-05T15:02:02","guid":{"rendered":"http:\/\/cboi.yt\/?page_id=119"},"modified":"2023-04-24T09:28:24","modified_gmt":"2023-04-24T07:28:24","slug":"la-reglementation","status":"publish","type":"page","link":"https:\/\/cboi.yt\/?page_id=119","title":{"rendered":"La R\u00e9glementation"},"content":{"rendered":"\n<div class=\"wp-block-media-text alignwide is-stacked-on-mobile\" style=\"grid-template-columns:24% auto\"><figure class=\"wp-block-media-text__media\"><img loading=\"lazy\" decoding=\"async\" width=\"305\" height=\"291\" src=\"http:\/\/cboi.yt\/wp-content\/uploads\/2022\/03\/BIPM.png\" alt=\"\" class=\"wp-image-100 size-full\" srcset=\"https:\/\/cboi.yt\/wp-content\/uploads\/2022\/03\/BIPM.png 305w, https:\/\/cboi.yt\/wp-content\/uploads\/2022\/03\/BIPM-300x286.png 300w\" sizes=\"auto, (max-width: 305px) 100vw, 305px\" \/><\/figure><div class=\"wp-block-media-text__content\">\n<p class=\"has-large-font-size\"><strong>La m\u00e9trologie, c&rsquo;est la science de la mesure.<\/strong><\/p>\n\n\n\n<p><strong>Un ensemble des techniques et des savoir-faire qui permettent d&rsquo;effectuer des mesures et d&rsquo;avoir une confiance suffisante dans leurs r\u00e9sultats.<\/strong><\/p>\n\n\n\n<p><\/p>\n\n\n\n<p class=\"has-large-font-size\"><strong>La m\u00e9trologie l\u00e9gale.<\/strong><\/p>\n\n\n\n<p><strong>C&rsquo;est la mesure et ceux qui la pratiquent sont r\u00e9glement\u00e9s par des textes de loi<\/strong><\/p>\n<\/div><\/div>\n\n\n\n<hr class=\"wp-block-separator has-css-opacity alignwide\"\/>\n\n\n\n<p><\/p>\n\n\n\n<p class=\"tw-text-wide has-large-font-size\"><strong>Instruments de pesage \u00e0 fonctionnement non automatique IPFNA<\/strong><\/p>\n\n\n\n<p class=\"tw-text-wide has-large-font-size\"><strong>entrant dans le cadre de la m\u00e9trologie l\u00e9gale :<\/strong><\/p>\n\n\n\n<p><\/p>\n\n\n\n<hr class=\"wp-block-separator has-text-color has-subtle-color has-css-opacity has-subtle-background-color has-background alignwide\"\/>\n\n\n\n<div class=\"wp-block-media-text alignwide is-stacked-on-mobile\" style=\"grid-template-columns:15% auto\"><figure class=\"wp-block-media-text__media\"><img loading=\"lazy\" decoding=\"async\" width=\"1024\" height=\"821\" src=\"http:\/\/cboi.yt\/wp-content\/uploads\/2022\/03\/kisspng-measuring-scales-weight-tax-law-trade-ohaus-5b564de30a09d2.1515200615323826910411-1024x821.png\" alt=\"\" class=\"wp-image-107 size-full\" srcset=\"https:\/\/cboi.yt\/wp-content\/uploads\/2022\/03\/kisspng-measuring-scales-weight-tax-law-trade-ohaus-5b564de30a09d2.1515200615323826910411-1024x821.png 1024w, https:\/\/cboi.yt\/wp-content\/uploads\/2022\/03\/kisspng-measuring-scales-weight-tax-law-trade-ohaus-5b564de30a09d2.1515200615323826910411-300x241.png 300w, https:\/\/cboi.yt\/wp-content\/uploads\/2022\/03\/kisspng-measuring-scales-weight-tax-law-trade-ohaus-5b564de30a09d2.1515200615323826910411-768x616.png 768w, https:\/\/cboi.yt\/wp-content\/uploads\/2022\/03\/kisspng-measuring-scales-weight-tax-law-trade-ohaus-5b564de30a09d2.1515200615323826910411.png 1181w\" sizes=\"auto, (max-width: 1024px) 100vw, 1024px\" \/><\/figure><div class=\"wp-block-media-text__content\">\n<p class=\"has-large-font-size\">D\u00e9termination de la masse pour les transactions commerciales<\/p>\n<\/div><\/div>\n\n\n\n<hr class=\"wp-block-separator has-css-opacity alignwide\"\/>\n\n\n\n<div class=\"wp-block-media-text alignwide is-stacked-on-mobile\" style=\"grid-template-columns:15% auto\"><figure class=\"wp-block-media-text__media\"><img loading=\"lazy\" decoding=\"async\" width=\"520\" height=\"548\" src=\"http:\/\/cboi.yt\/wp-content\/uploads\/2022\/03\/kisspng-measuring-scales-sixpack-5b3edf37e045e2.9566172115308470319186.png\" alt=\"\" class=\"wp-image-108 size-full\" srcset=\"https:\/\/cboi.yt\/wp-content\/uploads\/2022\/03\/kisspng-measuring-scales-sixpack-5b3edf37e045e2.9566172115308470319186.png 520w, https:\/\/cboi.yt\/wp-content\/uploads\/2022\/03\/kisspng-measuring-scales-sixpack-5b3edf37e045e2.9566172115308470319186-285x300.png 285w\" sizes=\"auto, (max-width: 520px) 100vw, 520px\" \/><\/figure><div class=\"wp-block-media-text__content\">\n<p class=\"has-large-font-size\">D\u00e9termination du prix en fonction de la masse pour la Vente Directe au Public et confection de pr\u00e9emballage<\/p>\n<\/div><\/div>\n\n\n\n<hr class=\"wp-block-separator has-css-opacity alignwide\"\/>\n\n\n\n<div class=\"wp-block-media-text alignwide is-stacked-on-mobile\" style=\"grid-template-columns:15% auto\"><figure class=\"wp-block-media-text__media\"><img loading=\"lazy\" decoding=\"async\" width=\"650\" height=\"650\" src=\"http:\/\/cboi.yt\/wp-content\/uploads\/2022\/03\/kisspng-measuring-scales-cas-corporation-steelyard-balance-cell-disruptor-homogenizer-5b505ec9a37163.1553272115319938016695.png\" alt=\"\" class=\"wp-image-109 size-full\" srcset=\"https:\/\/cboi.yt\/wp-content\/uploads\/2022\/03\/kisspng-measuring-scales-cas-corporation-steelyard-balance-cell-disruptor-homogenizer-5b505ec9a37163.1553272115319938016695.png 650w, https:\/\/cboi.yt\/wp-content\/uploads\/2022\/03\/kisspng-measuring-scales-cas-corporation-steelyard-balance-cell-disruptor-homogenizer-5b505ec9a37163.1553272115319938016695-300x300.png 300w, https:\/\/cboi.yt\/wp-content\/uploads\/2022\/03\/kisspng-measuring-scales-cas-corporation-steelyard-balance-cell-disruptor-homogenizer-5b505ec9a37163.1553272115319938016695-150x150.png 150w\" sizes=\"auto, (max-width: 650px) 100vw, 650px\" \/><\/figure><div class=\"wp-block-media-text__content\">\n<p class=\"has-large-font-size\">D\u00e9termination de la masse pour le calcul d&rsquo;un p\u00e9age, tarif, taxe prime, amende, r\u00e9mun\u00e9ration, indemnit\u00e9 ou redevance de type similaire<\/p>\n<\/div><\/div>\n\n\n\n<hr class=\"wp-block-separator has-css-opacity alignwide\"\/>\n\n\n\n<div class=\"wp-block-media-text alignwide is-stacked-on-mobile\" style=\"grid-template-columns:15% auto\"><figure class=\"wp-block-media-text__media\"><img loading=\"lazy\" decoding=\"async\" width=\"1024\" height=\"1024\" src=\"http:\/\/cboi.yt\/wp-content\/uploads\/2022\/03\/kisspng-computer-icons-microscope-clip-art-microscope-5ab632e50e0260.9073671015218900210574-1024x1024.png\" alt=\"\" class=\"wp-image-106 size-full\" srcset=\"https:\/\/cboi.yt\/wp-content\/uploads\/2022\/03\/kisspng-computer-icons-microscope-clip-art-microscope-5ab632e50e0260.9073671015218900210574.png 1024w, https:\/\/cboi.yt\/wp-content\/uploads\/2022\/03\/kisspng-computer-icons-microscope-clip-art-microscope-5ab632e50e0260.9073671015218900210574-300x300.png 300w, https:\/\/cboi.yt\/wp-content\/uploads\/2022\/03\/kisspng-computer-icons-microscope-clip-art-microscope-5ab632e50e0260.9073671015218900210574-150x150.png 150w, https:\/\/cboi.yt\/wp-content\/uploads\/2022\/03\/kisspng-computer-icons-microscope-clip-art-microscope-5ab632e50e0260.9073671015218900210574-768x768.png 768w\" sizes=\"auto, (max-width: 1024px) 100vw, 1024px\" \/><\/figure><div class=\"wp-block-media-text__content\">\n<p class=\"has-large-font-size\">D\u00e9termination de la masse pour l&rsquo;application d&rsquo;une l\u00e9gislation ou d&rsquo;une r\u00e9glementation ou pour des expertises judiciaires<\/p>\n<\/div><\/div>\n\n\n\n<hr class=\"wp-block-separator has-css-opacity alignwide\"\/>\n\n\n\n<div class=\"wp-block-media-text alignwide is-stacked-on-mobile\" style=\"grid-template-columns:15% auto\"><figure class=\"wp-block-media-text__media\"><img loading=\"lazy\" decoding=\"async\" width=\"512\" height=\"512\" src=\"http:\/\/cboi.yt\/wp-content\/uploads\/2022\/03\/kisspng-staff-of-hermes-caduceus-as-a-symbol-of-medicine-h-5b4994b9d747d9.8069101115315488578818.png\" alt=\"\" class=\"wp-image-105 size-full\" srcset=\"https:\/\/cboi.yt\/wp-content\/uploads\/2022\/03\/kisspng-staff-of-hermes-caduceus-as-a-symbol-of-medicine-h-5b4994b9d747d9.8069101115315488578818.png 512w, https:\/\/cboi.yt\/wp-content\/uploads\/2022\/03\/kisspng-staff-of-hermes-caduceus-as-a-symbol-of-medicine-h-5b4994b9d747d9.8069101115315488578818-300x300.png 300w, https:\/\/cboi.yt\/wp-content\/uploads\/2022\/03\/kisspng-staff-of-hermes-caduceus-as-a-symbol-of-medicine-h-5b4994b9d747d9.8069101115315488578818-150x150.png 150w\" sizes=\"auto, (max-width: 512px) 100vw, 512px\" \/><\/figure><div class=\"wp-block-media-text__content\">\n<p class=\"has-large-font-size\">D\u00e9termination de la masse dans la pratique m\u00e9dicale en ce qui concerne le pesage de patients pour des raisons de surveillance, de diagnostic et de traitements<\/p>\n<\/div><\/div>\n\n\n\n<hr class=\"wp-block-separator has-css-opacity alignwide\"\/>\n\n\n\n<div class=\"wp-block-media-text alignwide is-stacked-on-mobile\" style=\"grid-template-columns:15% auto\"><figure class=\"wp-block-media-text__media\"><img loading=\"lazy\" decoding=\"async\" width=\"500\" height=\"500\" src=\"http:\/\/cboi.yt\/wp-content\/uploads\/2022\/03\/kisspng-pharmacy-pharmaceutical-drug-pharmacist-health-sto-5b1eaa83ee60f2.89259762152873638797641.png\" alt=\"\" class=\"wp-image-103 size-full\" srcset=\"https:\/\/cboi.yt\/wp-content\/uploads\/2022\/03\/kisspng-pharmacy-pharmaceutical-drug-pharmacist-health-sto-5b1eaa83ee60f2.89259762152873638797641.png 500w, https:\/\/cboi.yt\/wp-content\/uploads\/2022\/03\/kisspng-pharmacy-pharmaceutical-drug-pharmacist-health-sto-5b1eaa83ee60f2.89259762152873638797641-300x300.png 300w, https:\/\/cboi.yt\/wp-content\/uploads\/2022\/03\/kisspng-pharmacy-pharmaceutical-drug-pharmacist-health-sto-5b1eaa83ee60f2.89259762152873638797641-150x150.png 150w\" sizes=\"auto, (max-width: 500px) 100vw, 500px\" \/><\/figure><div class=\"wp-block-media-text__content\">\n<p class=\"has-large-font-size\">D\u00e9termination de la masse pour la fabrication de m\u00e9dicaments sur ordonnances en pharmacie et d\u00e9termination des masses lors des analyses effectu\u00e9es dans les laboratoires<\/p>\n<\/div><\/div>\n\n\n\n<hr class=\"wp-block-separator has-css-opacity alignwide\"\/>\n\n\n\n<p><\/p>\n\n\n\n<p class=\"tw-text-wide\"><em>Si l&rsquo;IPFNA utilis\u00e9 n&rsquo;entre dans aucun des champs ci-dessus, on parle de Hors M\u00e9trologie L\u00e9gale.<\/em><\/p>\n\n\n\n<p><\/p>\n\n\n\n<hr class=\"wp-block-separator has-css-opacity alignwide\"\/>\n\n\n\n<p class=\"tw-text-wide has-large-font-size\"><strong>Validit\u00e9 de la v\u00e9rification p\u00e9riodique :<\/strong><\/p>\n\n\n\n<p class=\"tw-text-wide\"><strong>2 ANS<\/strong> pour les balances de port\u00e9e inf\u00e9rieure \u00e0 30 kg et utilis\u00e9es pour la vente directe au public,<\/p>\n\n\n\n<p class=\"tw-text-wide\"><strong>1 AN<\/strong> pour tous autres usages<\/p>\n\n\n\n<div class=\"wp-block-media-text alignwide is-stacked-on-mobile\" style=\"grid-template-columns:15% auto\"><figure class=\"wp-block-media-text__media\"><img loading=\"lazy\" decoding=\"async\" width=\"150\" height=\"143\" src=\"http:\/\/cboi.yt\/wp-content\/uploads\/2022\/03\/Image-vignette-verte-150x152x0x4x150x143x1636099460.png\" alt=\"\" class=\"wp-image-111 size-full\"\/><\/figure><div class=\"wp-block-media-text__content\">\n<p class=\"has-large-font-size\"><em>La V\u00e9rification P\u00e9riodique est effectu\u00e9e par des techniciens qualifi\u00e9s. Apr\u00e8s les examens et les essais m\u00e9trologiques, le v\u00e9rificateur appose une vignette verte si l\u2019instrument de pesage est conforme<\/em><\/p>\n<\/div><\/div>\n\n\n\n<hr class=\"wp-block-separator has-css-opacity alignwide\"\/>\n\n\n\n<p class=\"tw-text-wide has-large-font-size\"><strong>Obligations des utilisateurs de balances, bascules et autres instruments de pesage<\/strong> :<\/p>\n\n\n\n<p>Tout utilisateur \u00e0 obligation d\u2019assurer l\u2019ad\u00e9quation a l\u2019emploi, l\u2019exactitude, le bon entretien et le fonctionnement correct des instruments de mesure qu\u2019il utilise dans le cadre de ses activit\u00e9s. \u00bb<br>Les utilisateurs d\u2019instruments de pesage doivent :<\/p>\n\n\n\n<ul class=\"wp-block-list\">\n<li>Veiller au bon entretien de leurs instruments et faire effectuer les contr\u00f4les en service pr\u00e9vus (\u2026) en respectant les p\u00e9riodicit\u00e9s r\u00e9glementaires.<\/li>\n\n\n\n<li>S\u2019assurer du bon \u00e9tat r\u00e9glementaire de leurs instruments, notamment du maintien de l\u2019int\u00e9grit\u00e9 des scellements et du marquage CE ou de la marque de v\u00e9rification primitive,<\/li>\n\n\n\n<li>Se procurer un carnet m\u00e9trologique et le tenir \u00e0 la disposition des agents de l\u2019Etat, veiller \u00e0 son int\u00e9grit\u00e9 et \u00e0 ce que les organismes de v\u00e9rification et les r\u00e9parateurs le remplissent,<\/li>\n\n\n\n<li>Veiller \u00e0 l\u2019int\u00e9grit\u00e9 des marques de contr\u00f4le en service. \u00bb<\/li>\n<\/ul>\n\n\n\n<p class=\"tw-text-wide has-large-font-size\"><strong>Qui peut r\u00e9aliser ces interventions ?<\/strong><\/p>\n\n\n\n<p>Ces interventions doivent obligatoirement \u00eatre r\u00e9alis\u00e9es par un organisme ind\u00e9pendant agr\u00e9\u00e9 par la <a rel=\"noreferrer noopener\" href=\"http:\/\/www.pays-de-la-loire.direccte.gouv.fr\/Nos-services-vos-interlocuteurs,2071\" target=\"_blank\">D<\/a>REETS&nbsp;(Direction r\u00e9gionale de l&rsquo;\u00e9conomie, de l&#8217;emploi, du travail et des solidarit\u00e9s) et accr\u00e9dit\u00e9 par le&nbsp;<a rel=\"noreferrer noopener\" href=\"https:\/\/www.cofrac.fr\/\" target=\"_blank\">COFRAC<\/a>&nbsp;pour la v\u00e9rification p\u00e9riodique et approuv\u00e9e par le&nbsp;<a rel=\"noreferrer noopener\" href=\"http:\/\/www.lne.fr\/\" target=\"_blank\">LNE (Laboratoire National de m\u00e9trologie et d\u2019Essais)<\/a>&nbsp;en ce qui concerne la r\u00e9vision p\u00e9riodique et les r\u00e9parations. <\/p>\n\n\n\n<p>CBOI est en cours d&rsquo;habilitation pour la v\u00e9rification et le contr\u00f4le des Instruments de Pesage \u00e0 Fonctionnement Non Automatique<\/p>\n\n\n\n<hr class=\"wp-block-separator has-text-color has-subtle-color has-css-opacity has-subtle-background-color has-background is-style-tw-short\"\/>\n\n\n\n<hr class=\"wp-block-separator has-css-opacity\"\/>\n\n\n\n<div class=\"wp-block-media-text alignwide is-stacked-on-mobile\" style=\"grid-template-columns:15% auto\"><figure class=\"wp-block-media-text__media\"><img loading=\"lazy\" decoding=\"async\" width=\"214\" height=\"130\" src=\"https:\/\/cboi.yt\/wp-content\/uploads\/2022\/11\/Logo-france-admin.png\" alt=\"\" class=\"wp-image-312 size-full\"\/><\/figure><div class=\"wp-block-media-text__content\">\n<p class=\"has-large-font-size\"><strong>Agr\u00e9ment v\u00e9rificateur IPFNA :<\/strong><\/p>\n\n\n\n<p class=\"has-large-font-size\"><a href=\"https:\/\/cboi.yt\/wp-content\/uploads\/2022\/11\/AGREME1.pdf\" data-type=\"URL\" data-id=\"https:\/\/cboi.yt\/wp-content\/uploads\/2022\/11\/AGREME1.pdf\">D\u00e9cision n\u00b022.21610.005.1 du 3 novembre 2022 portant renouvellement et modification de agr\u00e9ment objet de la d\u00e9cision n\u00b014.21.610.710.1 du 17 novembre 2014<\/a><\/p>\n<\/div><\/div>\n\n\n\n<div class=\"wp-block-media-text alignwide is-stacked-on-mobile\" style=\"grid-template-columns:15% auto\"><figure class=\"wp-block-media-text__media\"><img loading=\"lazy\" decoding=\"async\" width=\"640\" height=\"640\" src=\"https:\/\/cboi.yt\/wp-content\/uploads\/2022\/03\/kisspng-business-image-illustration-audit-report-misc-morphometrics-lab-florida-state-university-5b6a9b589c1de5.1108917115337132406395.png\" alt=\"\" class=\"wp-image-133 size-full\" srcset=\"https:\/\/cboi.yt\/wp-content\/uploads\/2022\/03\/kisspng-business-image-illustration-audit-report-misc-morphometrics-lab-florida-state-university-5b6a9b589c1de5.1108917115337132406395.png 640w, https:\/\/cboi.yt\/wp-content\/uploads\/2022\/03\/kisspng-business-image-illustration-audit-report-misc-morphometrics-lab-florida-state-university-5b6a9b589c1de5.1108917115337132406395-300x300.png 300w, https:\/\/cboi.yt\/wp-content\/uploads\/2022\/03\/kisspng-business-image-illustration-audit-report-misc-morphometrics-lab-florida-state-university-5b6a9b589c1de5.1108917115337132406395-150x150.png 150w\" sizes=\"auto, (max-width: 640px) 100vw, 640px\" \/><\/figure><div class=\"wp-block-media-text__content\">\n<p class=\"has-large-font-size\"><strong>Accr\u00e9ditation v\u00e9rificateur IPFNA :<\/strong><\/p>\n\n\n\n<p><a href=\"https:\/\/cboi.yt\/wp-content\/uploads\/2022\/11\/Accreditation-3-1447-R32-VP-IPFNA-et-IPFA-TE.pdf\" data-type=\"URL\" data-id=\"https:\/\/cboi.yt\/wp-content\/uploads\/2022\/11\/Accreditation-3-1447-R32-VP-IPFNA-et-IPFA-TE.pdf\">Accreditation 3-1447 R32 &#8211; VP IPFNA et IPFA-TE<\/a><\/p>\n<\/div><\/div>\n\n\n\n<div class=\"wp-block-media-text alignwide is-stacked-on-mobile\" style=\"grid-template-columns:15% auto\"><figure class=\"wp-block-media-text__media\"><img loading=\"lazy\" decoding=\"async\" width=\"1024\" height=\"998\" src=\"https:\/\/cboi.yt\/wp-content\/uploads\/2022\/03\/kisspng-preventive-maintenance-total-productive-maintenanc-repair-5ab89ce1e59c41.2882809615220482259405-1024x998.png\" alt=\"\" class=\"wp-image-134 size-full\" srcset=\"https:\/\/cboi.yt\/wp-content\/uploads\/2022\/03\/kisspng-preventive-maintenance-total-productive-maintenanc-repair-5ab89ce1e59c41.2882809615220482259405-1024x998.png 1024w, https:\/\/cboi.yt\/wp-content\/uploads\/2022\/03\/kisspng-preventive-maintenance-total-productive-maintenanc-repair-5ab89ce1e59c41.2882809615220482259405-300x292.png 300w, https:\/\/cboi.yt\/wp-content\/uploads\/2022\/03\/kisspng-preventive-maintenance-total-productive-maintenanc-repair-5ab89ce1e59c41.2882809615220482259405-768x749.png 768w, https:\/\/cboi.yt\/wp-content\/uploads\/2022\/03\/kisspng-preventive-maintenance-total-productive-maintenanc-repair-5ab89ce1e59c41.2882809615220482259405.png 1438w\" sizes=\"auto, (max-width: 1024px) 100vw, 1024px\" \/><\/figure><div class=\"wp-block-media-text__content\">\n<p class=\"has-large-font-size\"><strong>Accr\u00e9ditation r\u00e9parateur IPFNA :<\/strong><\/p>\n\n\n\n<p class=\"has-large-font-size\"><a href=\"https:\/\/cboi.yt\/wp-content\/uploads\/2022\/11\/Certification-LNE-22952-R33-Certificat-dapprobation-de-systeme-qualite-reparation-IPFNA.pdf\" target=\"_blank\" rel=\"noreferrer noopener\">Certification LNE-22952 R33 &#8211; Certificat d&rsquo;approbation de syst\u00e8me qualit\u00e9 r\u00e9paration IPFNA<\/a><\/p>\n<\/div><\/div>\n\n\n\n<div class=\"wp-block-media-text alignwide is-stacked-on-mobile\" style=\"grid-template-columns:41% auto\"><figure class=\"wp-block-media-text__media\"><a href=\"https:\/\/cboi.yt\/wp-content\/uploads\/2022\/12\/COFIP-guide_metrologie_legal_2.pdf\"><img loading=\"lazy\" decoding=\"async\" width=\"1024\" height=\"722\" src=\"https:\/\/cboi.yt\/wp-content\/uploads\/2022\/12\/guide_metrologie_legal_2_1-1024x722.jpg\" alt=\"\" class=\"wp-image-353 size-full\" srcset=\"https:\/\/cboi.yt\/wp-content\/uploads\/2022\/12\/guide_metrologie_legal_2_1-1024x722.jpg 1024w, https:\/\/cboi.yt\/wp-content\/uploads\/2022\/12\/guide_metrologie_legal_2_1-300x211.jpg 300w, https:\/\/cboi.yt\/wp-content\/uploads\/2022\/12\/guide_metrologie_legal_2_1-768x541.jpg 768w, https:\/\/cboi.yt\/wp-content\/uploads\/2022\/12\/guide_metrologie_legal_2_1.jpg 1240w\" sizes=\"auto, (max-width: 1024px) 100vw, 1024px\" \/><\/a><\/figure><div class=\"wp-block-media-text__content\">\n<p><a href=\"https:\/\/cboi.yt\/wp-content\/uploads\/2022\/12\/COFIP-guide_metrologie_legal_2.pdf\">Consulter le guide de la m\u00e9trologie l\u00e9gale du COFIP<\/a><\/p>\n\n\n\n<p><em>(Comit\u00e9 Fran\u00e7ais des Industriels du pesage)<\/em><\/p>\n<\/div><\/div>\n","protected":false},"excerpt":{"rendered":"<p>La m\u00e9trologie, c&rsquo;est la science de la mesure. Un ensemble des techniques et des savoir-faire qui permettent d&rsquo;effectuer des mesures et d&rsquo;avoir une confiance suffisante dans leurs r\u00e9sultats. La m\u00e9trologie l\u00e9gale. C&rsquo;est la mesure et ceux qui la pratiquent sont r\u00e9glement\u00e9s par des textes de loi Instruments de pesage \u00e0 fonctionnement non automatique IPFNA entrant&hellip; <a class=\"more-link\" href=\"https:\/\/cboi.yt\/?page_id=119\">Poursuivre la lecture <span class=\"screen-reader-text\">La R\u00e9glementation<\/span><\/a><\/p>\n","protected":false},"author":1,"featured_media":0,"parent":0,"menu_order":0,"comment_status":"closed","ping_status":"closed","template":"","meta":{"footnotes":""},"class_list":["post-119","page","type-page","status-publish","hentry","entry"],"uagb_featured_image_src":{"full":false,"thumbnail":false,"medium":false,"medium_large":false,"large":false,"1536x1536":false,"2048x2048":false,"post-thumbnail":false},"uagb_author_info":{"display_name":"admin7778","author_link":"https:\/\/cboi.yt\/?author=1"},"uagb_comment_info":0,"uagb_excerpt":"La m\u00e9trologie, c&rsquo;est la science de la mesure. Un ensemble des techniques et des savoir-faire qui permettent d&rsquo;effectuer des mesures et d&rsquo;avoir une confiance suffisante dans leurs r\u00e9sultats. La m\u00e9trologie l\u00e9gale. C&rsquo;est la mesure et ceux qui la pratiquent sont r\u00e9glement\u00e9s par des textes de loi Instruments de pesage \u00e0 fonctionnement non automatique IPFNA entrant&hellip;\u2026","_links":{"self":[{"href":"https:\/\/cboi.yt\/index.php?rest_route=\/wp\/v2\/pages\/119","targetHints":{"allow":["GET"]}}],"collection":[{"href":"https:\/\/cboi.yt\/index.php?rest_route=\/wp\/v2\/pages"}],"about":[{"href":"https:\/\/cboi.yt\/index.php?rest_route=\/wp\/v2\/types\/page"}],"author":[{"embeddable":true,"href":"https:\/\/cboi.yt\/index.php?rest_route=\/wp\/v2\/users\/1"}],"replies":[{"embeddable":true,"href":"https:\/\/cboi.yt\/index.php?rest_route=%2Fwp%2Fv2%2Fcomments&post=119"}],"version-history":[{"count":18,"href":"https:\/\/cboi.yt\/index.php?rest_route=\/wp\/v2\/pages\/119\/revisions"}],"predecessor-version":[{"id":359,"href":"https:\/\/cboi.yt\/index.php?rest_route=\/wp\/v2\/pages\/119\/revisions\/359"}],"wp:attachment":[{"href":"https:\/\/cboi.yt\/index.php?rest_route=%2Fwp%2Fv2%2Fmedia&parent=119"}],"curies":[{"name":"wp","href":"https:\/\/api.w.org\/{rel}","templated":true}]}}