{"id":176,"date":"2022-03-05T17:33:11","date_gmt":"2022-03-05T16:33:11","guid":{"rendered":"http:\/\/cboi.yt\/?page_id=176"},"modified":"2022-07-21T16:40:17","modified_gmt":"2022-07-21T14:40:17","slug":"materiels","status":"publish","type":"page","link":"https:\/\/cboi.yt\/?page_id=176","title":{"rendered":"Type d&rsquo;instrument de pes\u00e9e"},"content":{"rendered":"\n<p><em>(exemples non exhaustifs, photos et illustrations non contractuelles)<\/em><\/p>\n\n\n\n<div class=\"wp-block-media-text alignwide is-stacked-on-mobile is-vertically-aligned-top is-style-tw-shadow\" style=\"grid-template-columns:16% auto\"><figure class=\"wp-block-media-text__media\"><img loading=\"lazy\" decoding=\"async\" width=\"450\" height=\"229\" src=\"http:\/\/cboi.yt\/wp-content\/uploads\/2022\/03\/fsergio090100003-1.jpg\" alt=\"\" class=\"wp-image-186 size-full\" srcset=\"https:\/\/cboi.yt\/wp-content\/uploads\/2022\/03\/fsergio090100003-1.jpg 450w, https:\/\/cboi.yt\/wp-content\/uploads\/2022\/03\/fsergio090100003-1-300x153.jpg 300w\" sizes=\"auto, (max-width: 450px) 100vw, 450px\" \/><\/figure><div class=\"wp-block-media-text__content\">\n<p class=\"has-large-font-size\">Balance Roberval<\/p>\n<\/div><\/div>\n\n\n\n<div class=\"wp-block-media-text alignwide has-media-on-the-right is-stacked-on-mobile is-vertically-aligned-top is-style-tw-shadow\" style=\"grid-template-columns:auto 15%\"><figure class=\"wp-block-media-text__media\"><img loading=\"lazy\" decoding=\"async\" width=\"450\" height=\"269\" src=\"http:\/\/cboi.yt\/wp-content\/uploads\/2022\/03\/Beranger.jpg\" alt=\"\" class=\"wp-image-184 size-full\" srcset=\"https:\/\/cboi.yt\/wp-content\/uploads\/2022\/03\/Beranger.jpg 450w, https:\/\/cboi.yt\/wp-content\/uploads\/2022\/03\/Beranger-300x179.jpg 300w\" sizes=\"auto, (max-width: 450px) 100vw, 450px\" \/><\/figure><div class=\"wp-block-media-text__content\">\n<p class=\"has-large-font-size\">Balance B\u00e9ranger<\/p>\n<\/div><\/div>\n\n\n\n<div class=\"wp-block-media-text alignwide is-stacked-on-mobile is-vertically-aligned-top is-style-tw-shadow\" style=\"grid-template-columns:15% auto\"><figure class=\"wp-block-media-text__media\"><img loading=\"lazy\" decoding=\"async\" width=\"218\" height=\"231\" src=\"http:\/\/cboi.yt\/wp-content\/uploads\/2022\/03\/Balance-a-cadran.jpeg\" alt=\"\" class=\"wp-image-180 size-full\"\/><\/figure><div class=\"wp-block-media-text__content\">\n<p class=\"has-large-font-size\">Balance \u00e0 cadran<\/p>\n<\/div><\/div>\n\n\n\n<div class=\"wp-block-media-text alignwide has-media-on-the-right is-stacked-on-mobile is-vertically-aligned-top is-style-tw-shadow\" style=\"grid-template-columns:auto 15%\"><figure class=\"wp-block-media-text__media\"><img loading=\"lazy\" decoding=\"async\" width=\"566\" height=\"735\" src=\"http:\/\/cboi.yt\/wp-content\/uploads\/2022\/03\/Balance-medicale.png\" alt=\"\" class=\"wp-image-197 size-full\" srcset=\"https:\/\/cboi.yt\/wp-content\/uploads\/2022\/03\/Balance-medicale.png 566w, https:\/\/cboi.yt\/wp-content\/uploads\/2022\/03\/Balance-medicale-231x300.png 231w\" sizes=\"auto, (max-width: 566px) 100vw, 566px\" \/><\/figure><div class=\"wp-block-media-text__content\">\n<p class=\"has-large-font-size\">Balance m\u00e9dicale<\/p>\n<\/div><\/div>\n\n\n\n<div class=\"wp-block-media-text alignwide is-stacked-on-mobile is-vertically-aligned-top is-style-tw-shadow\" style=\"grid-template-columns:17% auto\"><figure class=\"wp-block-media-text__media\"><img loading=\"lazy\" decoding=\"async\" width=\"218\" height=\"231\" src=\"http:\/\/cboi.yt\/wp-content\/uploads\/2022\/03\/Bascule-a-romaine.jpeg\" alt=\"\" class=\"wp-image-192 size-full\"\/><\/figure><div class=\"wp-block-media-text__content\">\n<p class=\"has-large-font-size\">Bascule \u00e0 romaine<\/p>\n<\/div><\/div>\n\n\n\n<div class=\"wp-block-media-text alignwide has-media-on-the-right is-stacked-on-mobile is-vertically-aligned-top is-style-tw-shadow\" style=\"grid-template-columns:auto 19%\"><figure class=\"wp-block-media-text__media\"><img loading=\"lazy\" decoding=\"async\" width=\"1024\" height=\"821\" src=\"http:\/\/cboi.yt\/wp-content\/uploads\/2022\/03\/kisspng-measuring-scales-weight-tax-law-trade-ohaus-5b564de30a09d2.1515200615323826910411-1024x821.png\" alt=\"\" class=\"wp-image-107 size-full\" srcset=\"https:\/\/cboi.yt\/wp-content\/uploads\/2022\/03\/kisspng-measuring-scales-weight-tax-law-trade-ohaus-5b564de30a09d2.1515200615323826910411-1024x821.png 1024w, https:\/\/cboi.yt\/wp-content\/uploads\/2022\/03\/kisspng-measuring-scales-weight-tax-law-trade-ohaus-5b564de30a09d2.1515200615323826910411-300x241.png 300w, https:\/\/cboi.yt\/wp-content\/uploads\/2022\/03\/kisspng-measuring-scales-weight-tax-law-trade-ohaus-5b564de30a09d2.1515200615323826910411-768x616.png 768w, https:\/\/cboi.yt\/wp-content\/uploads\/2022\/03\/kisspng-measuring-scales-weight-tax-law-trade-ohaus-5b564de30a09d2.1515200615323826910411.png 1181w\" sizes=\"auto, (max-width: 1024px) 100vw, 1024px\" \/><\/figure><div class=\"wp-block-media-text__content\">\n<p class=\"has-large-font-size\">Balance poids prix<\/p>\n<\/div><\/div>\n\n\n\n<div class=\"wp-block-media-text alignwide is-stacked-on-mobile is-vertically-aligned-top is-style-tw-shadow\" style=\"grid-template-columns:15% auto\"><figure class=\"wp-block-media-text__media\"><img loading=\"lazy\" decoding=\"async\" width=\"225\" height=\"225\" src=\"http:\/\/cboi.yt\/wp-content\/uploads\/2022\/03\/Balance-suspendue.jpeg\" alt=\"\" class=\"wp-image-183 size-full\" srcset=\"https:\/\/cboi.yt\/wp-content\/uploads\/2022\/03\/Balance-suspendue.jpeg 225w, https:\/\/cboi.yt\/wp-content\/uploads\/2022\/03\/Balance-suspendue-150x150.jpeg 150w\" sizes=\"auto, (max-width: 225px) 100vw, 225px\" \/><\/figure><div class=\"wp-block-media-text__content\">\n<p class=\"has-large-font-size\">Balance suspendue<\/p>\n<\/div><\/div>\n\n\n\n<div class=\"wp-block-media-text alignwide has-media-on-the-right is-stacked-on-mobile is-vertically-aligned-top is-style-tw-shadow\" style=\"grid-template-columns:auto 15%\"><figure class=\"wp-block-media-text__media\"><img loading=\"lazy\" decoding=\"async\" width=\"225\" height=\"225\" src=\"http:\/\/cboi.yt\/wp-content\/uploads\/2022\/03\/Balance-de-precision.jpeg\" alt=\"\" class=\"wp-image-193 size-full\" srcset=\"https:\/\/cboi.yt\/wp-content\/uploads\/2022\/03\/Balance-de-precision.jpeg 225w, https:\/\/cboi.yt\/wp-content\/uploads\/2022\/03\/Balance-de-precision-150x150.jpeg 150w\" sizes=\"auto, (max-width: 225px) 100vw, 225px\" \/><\/figure><div class=\"wp-block-media-text__content\">\n<p class=\"has-large-font-size\">Balance de pr\u00e9cision<\/p>\n<\/div><\/div>\n\n\n\n<div class=\"wp-block-media-text alignwide is-stacked-on-mobile is-vertically-aligned-top is-style-tw-shadow\" style=\"grid-template-columns:15% auto\"><figure class=\"wp-block-media-text__media\"><img loading=\"lazy\" decoding=\"async\" width=\"225\" height=\"225\" src=\"http:\/\/cboi.yt\/wp-content\/uploads\/2022\/03\/Balance-modulaire-sur-pied.jpeg\" alt=\"\" class=\"wp-image-194 size-full\" srcset=\"https:\/\/cboi.yt\/wp-content\/uploads\/2022\/03\/Balance-modulaire-sur-pied.jpeg 225w, https:\/\/cboi.yt\/wp-content\/uploads\/2022\/03\/Balance-modulaire-sur-pied-150x150.jpeg 150w\" sizes=\"auto, (max-width: 225px) 100vw, 225px\" \/><\/figure><div class=\"wp-block-media-text__content\">\n<p class=\"has-large-font-size\">Balance modulaire sur pied<\/p>\n<\/div><\/div>\n\n\n\n<div class=\"wp-block-media-text alignwide has-media-on-the-right is-stacked-on-mobile is-vertically-aligned-top is-style-tw-shadow\" style=\"grid-template-columns:auto 15%\"><figure class=\"wp-block-media-text__media\"><img loading=\"lazy\" decoding=\"async\" width=\"225\" height=\"225\" src=\"http:\/\/cboi.yt\/wp-content\/uploads\/2022\/03\/Balance-au-modulaire-au-sol.jpeg\" alt=\"\" class=\"wp-image-182 size-full\" srcset=\"https:\/\/cboi.yt\/wp-content\/uploads\/2022\/03\/Balance-au-modulaire-au-sol.jpeg 225w, https:\/\/cboi.yt\/wp-content\/uploads\/2022\/03\/Balance-au-modulaire-au-sol-150x150.jpeg 150w\" sizes=\"auto, (max-width: 225px) 100vw, 225px\" \/><\/figure><div class=\"wp-block-media-text__content\">\n<p class=\"has-large-font-size\">Balance modulaire au sol<\/p>\n<\/div><\/div>\n\n\n\n<div class=\"wp-block-media-text alignwide is-stacked-on-mobile is-vertically-aligned-top is-style-tw-shadow\" style=\"grid-template-columns:15% auto\"><figure class=\"wp-block-media-text__media\"><img loading=\"lazy\" decoding=\"async\" width=\"259\" height=\"194\" src=\"http:\/\/cboi.yt\/wp-content\/uploads\/2022\/03\/Pont-bascule-tp.jpeg\" alt=\"\" class=\"wp-image-190 size-full\"\/><\/figure><div class=\"wp-block-media-text__content\">\n<p class=\"has-large-font-size\">Pont bascule<\/p>\n<\/div><\/div>\n\n\n\n<div class=\"wp-block-media-text alignwide has-media-on-the-right is-stacked-on-mobile is-vertically-aligned-top is-style-tw-shadow\" style=\"grid-template-columns:auto 15%\"><figure class=\"wp-block-media-text__media\"><img loading=\"lazy\" decoding=\"async\" width=\"225\" height=\"225\" src=\"http:\/\/cboi.yt\/wp-content\/uploads\/2022\/03\/Reservoir-peseur.jpeg\" alt=\"\" class=\"wp-image-177 size-full\" srcset=\"https:\/\/cboi.yt\/wp-content\/uploads\/2022\/03\/Reservoir-peseur.jpeg 225w, https:\/\/cboi.yt\/wp-content\/uploads\/2022\/03\/Reservoir-peseur-150x150.jpeg 150w\" sizes=\"auto, (max-width: 225px) 100vw, 225px\" \/><\/figure><div class=\"wp-block-media-text__content\">\n<p class=\"has-large-font-size\">R\u00e9servoir peseur<\/p>\n<\/div><\/div>\n\n\n\n<div class=\"wp-block-media-text alignwide is-stacked-on-mobile is-vertically-aligned-top\" style=\"grid-template-columns:15% auto\"><figure class=\"wp-block-media-text__media\"><img loading=\"lazy\" decoding=\"async\" width=\"225\" height=\"225\" src=\"http:\/\/cboi.yt\/wp-content\/uploads\/2022\/03\/Balance-aerienne.jpeg\" alt=\"\" class=\"wp-image-181 size-full\" srcset=\"https:\/\/cboi.yt\/wp-content\/uploads\/2022\/03\/Balance-aerienne.jpeg 225w, https:\/\/cboi.yt\/wp-content\/uploads\/2022\/03\/Balance-aerienne-150x150.jpeg 150w\" sizes=\"auto, (max-width: 225px) 100vw, 225px\" \/><\/figure><div class=\"wp-block-media-text__content\">\n<p class=\"has-large-font-size\">Balance a\u00e9rienne<\/p>\n<\/div><\/div>\n\n\n\n<div class=\"wp-block-media-text alignwide has-media-on-the-right is-stacked-on-mobile is-vertically-aligned-top is-style-tw-shadow\" style=\"grid-template-columns:auto 15%\"><figure class=\"wp-block-media-text__media\"><img loading=\"lazy\" decoding=\"async\" width=\"259\" height=\"194\" src=\"http:\/\/cboi.yt\/wp-content\/uploads\/2022\/03\/Pese-palette.jpeg\" alt=\"\" class=\"wp-image-189 size-full\"\/><\/figure><div class=\"wp-block-media-text__content\">\n<p class=\"has-large-font-size\">P\u00e8se palette<\/p>\n<\/div><\/div>\n\n\n\n<div class=\"wp-block-media-text alignwide is-stacked-on-mobile is-vertically-aligned-top is-style-tw-shadow\" style=\"grid-template-columns:15% auto\"><figure class=\"wp-block-media-text__media\"><img loading=\"lazy\" decoding=\"async\" width=\"259\" height=\"194\" src=\"http:\/\/cboi.yt\/wp-content\/uploads\/2022\/03\/Transpalette-peseur.jpeg\" alt=\"\" class=\"wp-image-179 size-full\"\/><\/figure><div class=\"wp-block-media-text__content\">\n<p class=\"has-large-font-size\">Transpalette peseur<\/p>\n<\/div><\/div>\n\n\n\n<div class=\"wp-block-media-text alignwide has-media-on-the-right is-stacked-on-mobile is-vertically-aligned-top is-style-tw-shadow\" style=\"grid-template-columns:auto 15%\"><figure class=\"wp-block-media-text__media\"><img loading=\"lazy\" decoding=\"async\" width=\"225\" height=\"225\" src=\"http:\/\/cboi.yt\/wp-content\/uploads\/2022\/03\/Leve-malade-peseur.jpeg\" alt=\"\" class=\"wp-image-187 size-full\" srcset=\"https:\/\/cboi.yt\/wp-content\/uploads\/2022\/03\/Leve-malade-peseur.jpeg 225w, https:\/\/cboi.yt\/wp-content\/uploads\/2022\/03\/Leve-malade-peseur-150x150.jpeg 150w\" sizes=\"auto, (max-width: 225px) 100vw, 225px\" \/><\/figure><div class=\"wp-block-media-text__content\">\n<p class=\"has-large-font-size\">L\u00e8ve malade peseur<\/p>\n<\/div><\/div>\n\n\n\n<div class=\"wp-block-media-text alignwide is-stacked-on-mobile is-vertically-aligned-top is-style-tw-shadow\" style=\"grid-template-columns:15% auto\"><figure class=\"wp-block-media-text__media\"><img loading=\"lazy\" decoding=\"async\" width=\"225\" height=\"225\" src=\"http:\/\/cboi.yt\/wp-content\/uploads\/2022\/03\/Fauteuil-peseur.jpeg\" alt=\"\" class=\"wp-image-185 size-full\" srcset=\"https:\/\/cboi.yt\/wp-content\/uploads\/2022\/03\/Fauteuil-peseur.jpeg 225w, https:\/\/cboi.yt\/wp-content\/uploads\/2022\/03\/Fauteuil-peseur-150x150.jpeg 150w\" sizes=\"auto, (max-width: 225px) 100vw, 225px\" \/><\/figure><div class=\"wp-block-media-text__content\">\n<p class=\"has-large-font-size\">Fauteuil peseur<\/p>\n<\/div><\/div>\n\n\n\n<div class=\"wp-block-media-text alignwide has-media-on-the-right is-stacked-on-mobile is-vertically-aligned-top is-style-tw-shadow\" style=\"grid-template-columns:auto 15%\"><figure class=\"wp-block-media-text__media\"><img loading=\"lazy\" decoding=\"async\" width=\"1002\" height=\"1024\" src=\"http:\/\/cboi.yt\/wp-content\/uploads\/2022\/03\/Pese-bebe.png\" alt=\"\" class=\"wp-image-188 size-full\" srcset=\"https:\/\/cboi.yt\/wp-content\/uploads\/2022\/03\/Pese-bebe.png 1002w, https:\/\/cboi.yt\/wp-content\/uploads\/2022\/03\/Pese-bebe-294x300.png 294w, https:\/\/cboi.yt\/wp-content\/uploads\/2022\/03\/Pese-bebe-768x785.png 768w\" sizes=\"auto, (max-width: 1002px) 100vw, 1002px\" \/><\/figure><div class=\"wp-block-media-text__content\">\n<p class=\"has-large-font-size\">P\u00e8se b\u00e9b\u00e9<\/p>\n<\/div><\/div>\n\n\n\n<div class=\"wp-block-media-text alignwide has-media-on-the-right is-stacked-on-mobile is-style-tw-shadow\" style=\"grid-template-columns:auto 20%\"><figure class=\"wp-block-media-text__media\"><img loading=\"lazy\" decoding=\"async\" width=\"554\" height=\"326\" src=\"http:\/\/cboi.yt\/wp-content\/uploads\/2022\/03\/cropped-Logo.CBOI_.png\" alt=\"\" class=\"wp-image-127 size-full\" srcset=\"https:\/\/cboi.yt\/wp-content\/uploads\/2022\/03\/cropped-Logo.CBOI_.png 554w, https:\/\/cboi.yt\/wp-content\/uploads\/2022\/03\/cropped-Logo.CBOI_-300x177.png 300w\" sizes=\"auto, (max-width: 554px) 100vw, 554px\" \/><\/figure><div class=\"wp-block-media-text__content\">\n<p class=\"has-huge-font-size\">etc\u00e9t\u00e9ra&#8230; .<\/p>\n<\/div><\/div>\n","protected":false},"excerpt":{"rendered":"<p>(exemples non exhaustifs, photos et illustrations non contractuelles) Balance Roberval Balance B\u00e9ranger Balance \u00e0 cadran Balance m\u00e9dicale Bascule \u00e0 romaine Balance poids prix Balance suspendue Balance de pr\u00e9cision Balance modulaire sur pied Balance modulaire au sol Pont bascule R\u00e9servoir peseur Balance a\u00e9rienne P\u00e8se palette Transpalette peseur L\u00e8ve malade peseur Fauteuil peseur P\u00e8se b\u00e9b\u00e9 etc\u00e9t\u00e9ra&#8230; .<\/p>\n","protected":false},"author":1,"featured_media":0,"parent":0,"menu_order":0,"comment_status":"closed","ping_status":"closed","template":"","meta":{"footnotes":""},"class_list":["post-176","page","type-page","status-publish","hentry","entry"],"uagb_featured_image_src":{"full":false,"thumbnail":false,"medium":false,"medium_large":false,"large":false,"1536x1536":false,"2048x2048":false,"post-thumbnail":false},"uagb_author_info":{"display_name":"admin7778","author_link":"https:\/\/cboi.yt\/?author=1"},"uagb_comment_info":0,"uagb_excerpt":"(exemples non exhaustifs, photos et illustrations non contractuelles) Balance Roberval Balance B\u00e9ranger Balance \u00e0 cadran Balance m\u00e9dicale Bascule \u00e0 romaine Balance poids prix Balance suspendue Balance de pr\u00e9cision Balance modulaire sur pied Balance modulaire au sol Pont bascule R\u00e9servoir peseur Balance a\u00e9rienne P\u00e8se palette Transpalette peseur L\u00e8ve malade peseur Fauteuil peseur P\u00e8se b\u00e9b\u00e9 etc\u00e9t\u00e9ra&#8230; .","_links":{"self":[{"href":"https:\/\/cboi.yt\/index.php?rest_route=\/wp\/v2\/pages\/176","targetHints":{"allow":["GET"]}}],"collection":[{"href":"https:\/\/cboi.yt\/index.php?rest_route=\/wp\/v2\/pages"}],"about":[{"href":"https:\/\/cboi.yt\/index.php?rest_route=\/wp\/v2\/types\/page"}],"author":[{"embeddable":true,"href":"https:\/\/cboi.yt\/index.php?rest_route=\/wp\/v2\/users\/1"}],"replies":[{"embeddable":true,"href":"https:\/\/cboi.yt\/index.php?rest_route=%2Fwp%2Fv2%2Fcomments&post=176"}],"version-history":[{"count":6,"href":"https:\/\/cboi.yt\/index.php?rest_route=\/wp\/v2\/pages\/176\/revisions"}],"predecessor-version":[{"id":215,"href":"https:\/\/cboi.yt\/index.php?rest_route=\/wp\/v2\/pages\/176\/revisions\/215"}],"wp:attachment":[{"href":"https:\/\/cboi.yt\/index.php?rest_route=%2Fwp%2Fv2%2Fmedia&parent=176"}],"curies":[{"name":"wp","href":"https:\/\/api.w.org\/{rel}","templated":true}]}}