{"id":211,"date":"2022-07-21T16:39:11","date_gmt":"2022-07-21T14:39:11","guid":{"rendered":"https:\/\/cboi.yt\/?page_id=211"},"modified":"2022-09-25T13:38:54","modified_gmt":"2022-09-25T11:38:54","slug":"nos-produits","status":"publish","type":"page","link":"https:\/\/cboi.yt\/?page_id=211","title":{"rendered":"Balances Poids Prix \/ Industrie"},"content":{"rendered":"\n<p><\/p>\n\n\n\n<p>Pr\u00e9sentation de quelques produits pr\u00e9s\u00e9lectionn\u00e9s, retrouver toutes les gammes de nos produits sur les sites des constructeurs.<\/p>\n\n\n\n<div class=\"wp-block-media-text alignwide is-stacked-on-mobile\"><figure class=\"wp-block-media-text__media\"><img loading=\"lazy\" decoding=\"async\" width=\"1024\" height=\"840\" src=\"https:\/\/cboi.yt\/wp-content\/uploads\/2022\/07\/RIB-6K-3HM-1024x840.png\" alt=\"\" class=\"wp-image-212 size-full\" srcset=\"https:\/\/cboi.yt\/wp-content\/uploads\/2022\/07\/RIB-6K-3HM-1024x840.png 1024w, https:\/\/cboi.yt\/wp-content\/uploads\/2022\/07\/RIB-6K-3HM-300x246.png 300w, https:\/\/cboi.yt\/wp-content\/uploads\/2022\/07\/RIB-6K-3HM-768x630.png 768w, https:\/\/cboi.yt\/wp-content\/uploads\/2022\/07\/RIB-6K-3HM.png 1280w\" sizes=\"auto, (max-width: 1024px) 100vw, 1024px\" \/><\/figure><div class=\"wp-block-media-text__content\">\n<p class=\"has-large-font-size\"><strong>Pour le commerce de d\u00e9tail,<\/strong><\/p>\n\n\n\n<p style=\"line-height:0.1\">La RIB 6K-3HM<\/p>\n\n\n\n<p style=\"line-height:0.1\">Capacit\u00e9 6 kg (30 kg en option)<\/p>\n\n\n\n<p style=\"line-height:0.1\">Charge minimale 20 g<\/p>\n\n\n\n<p style=\"line-height:0.1\">Affichage double \u00e0 l&rsquo;arri\u00e8re de la balance<\/p>\n\n\n\n<p style=\"line-height:0.1\">Homologu\u00e9<\/p>\n\n\n\n<p style=\"line-height:0.1\">10 Touches prix direct<\/p>\n\n\n\n<p style=\"line-height:0.1\">M\u00e9moire (PLU) pour 20 prix d&rsquo;articles<\/p>\n\n\n\n<p style=\"line-height:0.1\">Gestion de l\u2018\u00e9nergie<\/p>\n\n\n\n<p style=\"line-height:0.1\">Construction anti-salissante<\/p>\n\n\n\n<p>Option :  Fonctionnement avec batterie interne, Affichage sur colonne, Housse d&rsquo;utilisation transparente, Plateau de tarage en inox, id\u00e9al pour le pesage des fruits et l\u00e9gumes en vrac, L\u00d7P\u00d7H 370x240x20 mm<\/p>\n\n\n\n<p style=\"line-height:0.1\"><em>(en stock)<\/em><\/p>\n<\/div><\/div>\n\n\n\n<div class=\"wp-block-media-text alignwide is-stacked-on-mobile\"><figure class=\"wp-block-media-text__media\"><img loading=\"lazy\" decoding=\"async\" width=\"1024\" height=\"884\" src=\"https:\/\/cboi.yt\/wp-content\/uploads\/2022\/07\/SFB-100K-2HM-1024x884.png\" alt=\"\" class=\"wp-image-221 size-full\" srcset=\"https:\/\/cboi.yt\/wp-content\/uploads\/2022\/07\/SFB-100K-2HM-1024x884.png 1024w, https:\/\/cboi.yt\/wp-content\/uploads\/2022\/07\/SFB-100K-2HM-300x259.png 300w, https:\/\/cboi.yt\/wp-content\/uploads\/2022\/07\/SFB-100K-2HM-768x663.png 768w, https:\/\/cboi.yt\/wp-content\/uploads\/2022\/07\/SFB-100K-2HM.png 1280w\" sizes=\"auto, (max-width: 1024px) 100vw, 1024px\" \/><\/figure><div class=\"wp-block-media-text__content\">\n<p class=\"has-large-font-size\"><strong>Pour l\u2019industrie et les petits colis,<\/strong><\/p>\n\n\n\n<p style=\"line-height:0.1\">La SFB 100K-2HM<\/p>\n\n\n\n<p style=\"line-height:0.1\">Capacit\u00e9 150 kg<\/p>\n\n\n\n<p style=\"line-height:0.1\">Lecture par 50 g<\/p>\n\n\n\n<p style=\"line-height:0.1\">Pes\u00e9e minimum 1kg<\/p>\n\n\n\n<p style=\"line-height:0.1\">Id\u00e9ale pour applications industrielles<\/p>\n\n\n\n<p style=\"line-height:0.1\">Plate-forme : enti\u00e8rement en inox, <\/p>\n\n\n\n<p style=\"line-height:0.1\">Afficheur : Acier inox, <\/p>\n\n\n\n<p style=\"line-height:0.1\">Grand \u00e9cran LCD r\u00e9tro\u00e9clair\u00e9, <\/p>\n\n\n\n<p style=\"line-height:0.1\">Longueur de c\u00e2ble afficheur env. 3 m<\/p>\n\n\n\n<p style=\"line-height:0.1\"><\/p>\n\n\n\n<p><em>(sur commande)<\/em><\/p>\n<\/div><\/div>\n\n\n\n<div class=\"wp-block-media-text alignwide is-stacked-on-mobile\"><figure class=\"wp-block-media-text__media\"><img loading=\"lazy\" decoding=\"async\" width=\"492\" height=\"450\" src=\"https:\/\/cboi.yt\/wp-content\/uploads\/2022\/09\/EOS_0003.jpg\" alt=\"\" class=\"wp-image-307 size-full\" srcset=\"https:\/\/cboi.yt\/wp-content\/uploads\/2022\/09\/EOS_0003.jpg 492w, https:\/\/cboi.yt\/wp-content\/uploads\/2022\/09\/EOS_0003-300x274.jpg 300w\" sizes=\"auto, (max-width: 492px) 100vw, 492px\" \/><\/figure><div class=\"wp-block-media-text__content\">\n<p class=\"has-large-font-size\">Balance plate-forme grande capacit\u00e9 pour colis et pour v\u00e9t\u00e9rinaires avec plateau de pes\u00e9e extra-large en acier inoxydable<\/p>\n\n\n\n<p>Capacit\u00e9 300kg<\/p>\n\n\n\n<p>Charge minimale <\/p>\n\n\n\n<p>Lecture par 100 g<\/p>\n\n\n\n<p>Fonction : Data Hold, Pes\u00e9e sans secousse (Programme de pes\u00e9e animaux<\/p>\n\n\n\n<p>Hors ML<\/p>\n\n\n\n<p>Alimentation : Bloc d&rsquo;alimentation externe et piles 4\u00d71.5 V AA<\/p>\n\n\n\n<p>Option : Colonne pour placer l&rsquo;afficheur verticalement, hauteur de la colonne env. 1000 mm, Tapis en caoutchouc antid\u00e9rapant, L\u00d7P 945&#215;505 mm, Housse de protection pour l\u2018indicateur,<\/p>\n\n\n\n<p><em>(sur commande)<\/em><\/p>\n<\/div><\/div>\n\n\n\n<p class=\"has-h-3-font-size\"><\/p>\n\n\n\n<p>Et beaucoup d\u2019autre instruments avec diff\u00e9rentes caract\u00e9ristiques<\/p>\n\n\n\n<p>Nous demander : contact@cboi.yt<\/p>\n\n\n\n<p style=\"line-height:0.8\"><\/p>\n\n\n\n<p style=\"line-height:0.8\"><\/p>\n\n\n\n<p style=\"line-height:0.8\"><\/p>\n\n\n\n<p style=\"line-height:0.8\"><\/p>\n\n\n\n<p style=\"line-height:0.8\"><\/p>\n\n\n\n<p style=\"line-height:0.8\"><\/p>\n\n\n\n<p style=\"line-height:0.8\"><\/p>\n\n\n\n<p style=\"line-height:0.8\"><\/p>\n","protected":false},"excerpt":{"rendered":"<p>Pr\u00e9sentation de quelques produits pr\u00e9s\u00e9lectionn\u00e9s, retrouver toutes les gammes de nos produits sur les sites des constructeurs. Pour le commerce de d\u00e9tail, La RIB 6K-3HM Capacit\u00e9 6 kg (30 kg en option) Charge minimale 20 g Affichage double \u00e0 l&rsquo;arri\u00e8re de la balance Homologu\u00e9 10 Touches prix direct M\u00e9moire (PLU) pour 20 prix d&rsquo;articles Gestion&hellip; <a class=\"more-link\" href=\"https:\/\/cboi.yt\/?page_id=211\">Poursuivre la lecture <span class=\"screen-reader-text\">Balances Poids Prix \/ Industrie<\/span><\/a><\/p>\n","protected":false},"author":1,"featured_media":0,"parent":0,"menu_order":0,"comment_status":"closed","ping_status":"closed","template":"","meta":{"footnotes":""},"class_list":["post-211","page","type-page","status-publish","hentry","entry"],"uagb_featured_image_src":{"full":false,"thumbnail":false,"medium":false,"medium_large":false,"large":false,"1536x1536":false,"2048x2048":false,"post-thumbnail":false},"uagb_author_info":{"display_name":"admin7778","author_link":"https:\/\/cboi.yt\/?author=1"},"uagb_comment_info":0,"uagb_excerpt":"Pr\u00e9sentation de quelques produits pr\u00e9s\u00e9lectionn\u00e9s, retrouver toutes les gammes de nos produits sur les sites des constructeurs. Pour le commerce de d\u00e9tail, La RIB 6K-3HM Capacit\u00e9 6 kg (30 kg en option) Charge minimale 20 g Affichage double \u00e0 l&rsquo;arri\u00e8re de la balance Homologu\u00e9 10 Touches prix direct M\u00e9moire (PLU) pour 20 prix d&rsquo;articles Gestion&hellip;\u2026","_links":{"self":[{"href":"https:\/\/cboi.yt\/index.php?rest_route=\/wp\/v2\/pages\/211","targetHints":{"allow":["GET"]}}],"collection":[{"href":"https:\/\/cboi.yt\/index.php?rest_route=\/wp\/v2\/pages"}],"about":[{"href":"https:\/\/cboi.yt\/index.php?rest_route=\/wp\/v2\/types\/page"}],"author":[{"embeddable":true,"href":"https:\/\/cboi.yt\/index.php?rest_route=\/wp\/v2\/users\/1"}],"replies":[{"embeddable":true,"href":"https:\/\/cboi.yt\/index.php?rest_route=%2Fwp%2Fv2%2Fcomments&post=211"}],"version-history":[{"count":19,"href":"https:\/\/cboi.yt\/index.php?rest_route=\/wp\/v2\/pages\/211\/revisions"}],"predecessor-version":[{"id":311,"href":"https:\/\/cboi.yt\/index.php?rest_route=\/wp\/v2\/pages\/211\/revisions\/311"}],"wp:attachment":[{"href":"https:\/\/cboi.yt\/index.php?rest_route=%2Fwp%2Fv2%2Fmedia&parent=211"}],"curies":[{"name":"wp","href":"https:\/\/api.w.org\/{rel}","templated":true}]}}