{"id":271,"date":"2022-09-25T11:10:21","date_gmt":"2022-09-25T09:10:21","guid":{"rendered":"https:\/\/cboi.yt\/?page_id=271"},"modified":"2022-09-25T12:22:56","modified_gmt":"2022-09-25T10:22:56","slug":"balances-de-laboratoire","status":"publish","type":"page","link":"https:\/\/cboi.yt\/?page_id=271","title":{"rendered":"Balances de laboratoire :"},"content":{"rendered":"\n<div class=\"wp-block-media-text alignwide is-stacked-on-mobile\"><figure class=\"wp-block-media-text__media\"><img loading=\"lazy\" decoding=\"async\" width=\"1024\" height=\"942\" src=\"https:\/\/cboi.yt\/wp-content\/uploads\/2022\/07\/EWJ-600-2M-1024x942.png\" alt=\"\" class=\"wp-image-219 size-full\" srcset=\"https:\/\/cboi.yt\/wp-content\/uploads\/2022\/07\/EWJ-600-2M-1024x942.png 1024w, https:\/\/cboi.yt\/wp-content\/uploads\/2022\/07\/EWJ-600-2M-300x276.png 300w, https:\/\/cboi.yt\/wp-content\/uploads\/2022\/07\/EWJ-600-2M-768x707.png 768w, https:\/\/cboi.yt\/wp-content\/uploads\/2022\/07\/EWJ-600-2M.png 1280w\" sizes=\"auto, (max-width: 1024px) 100vw, 1024px\" \/><\/figure><div class=\"wp-block-media-text__content\">\n<p>La EWJ 600-2M<\/p>\n\n\n\n<p>Port\u00e9 maximum 600g<\/p>\n\n\n\n<p>Charge minimale 0.5 g<\/p>\n\n\n\n<p>Lecture par 0.01 g<\/p>\n\n\n\n<p>Approbation Classe II<\/p>\n\n\n\n<p>Programme d&rsquo;ajustage interne de fa\u00e7on temporis\u00e9e<\/p>\n\n\n\n<p>Indication de capacit\u00e9<\/p>\n\n\n\n<p>Housse d&rsquo;utilisation transparente compris dans la livraison<\/p>\n\n\n\n<p>Protection lat\u00e9rale <\/p>\n\n\n\n<p>Utilisation : bijouterie, cosm\u00e9tique&#8230;<\/p>\n\n\n\n<p>Lien vers le constructeur <a rel=\"noreferrer noopener\" href=\"https:\/\/www.kern-sohn.com\/shop\/fr\/\" data-type=\"URL\" data-id=\"https:\/\/www.kern-sohn.com\/shop\/fr\/\" target=\"_blank\">(cliquer sur ce texte)<\/a><\/p>\n\n\n\n<p><em>(stock \u00e0 Mayotte limit\u00e9, commande possible)<\/em><\/p>\n<\/div><\/div>\n\n\n\n<div class=\"wp-block-media-text alignwide is-stacked-on-mobile\"><figure class=\"wp-block-media-text__media\"><img loading=\"lazy\" decoding=\"async\" width=\"749\" height=\"1024\" src=\"https:\/\/cboi.yt\/wp-content\/uploads\/2022\/09\/ABT-320-4NM-749x1024.png\" alt=\"\" class=\"wp-image-272 size-full\" srcset=\"https:\/\/cboi.yt\/wp-content\/uploads\/2022\/09\/ABT-320-4NM-749x1024.png 749w, https:\/\/cboi.yt\/wp-content\/uploads\/2022\/09\/ABT-320-4NM-219x300.png 219w, https:\/\/cboi.yt\/wp-content\/uploads\/2022\/09\/ABT-320-4NM-768x1050.png 768w, https:\/\/cboi.yt\/wp-content\/uploads\/2022\/09\/ABT-320-4NM.png 936w\" sizes=\"auto, (max-width: 749px) 100vw, 749px\" \/><\/figure><div class=\"wp-block-media-text__content\">\n<p class=\"has-large-font-size\">ABT 320-4NM<\/p>\n\n\n\n<p>Port\u00e9 maximum 320 g<\/p>\n\n\n\n<p>Charge minimale 10 mg<\/p>\n\n\n\n<p>Lecture 0.1 mg<\/p>\n\n\n\n<p>Plateau de 80 mm<\/p>\n\n\n\n<p>Approbation , classe I<\/p>\n\n\n\n<p>Ajustage interne<\/p>\n\n\n\n<p>Secteur uniquement<\/p>\n\n\n\n<p>Utilisation : analyse fine<\/p>\n\n\n\n<p>Lien vers le constructeur <a rel=\"noreferrer noopener\" href=\"https:\/\/www.kern-sohn.com\/shop\/fr\/\" data-type=\"URL\" data-id=\"https:\/\/www.kern-sohn.com\/shop\/fr\/\" target=\"_blank\">(cliquer sur ce texte)<\/a><\/p>\n\n\n\n<p><em>(sur commande uniquement)<\/em><\/p>\n<\/div><\/div>\n\n\n\n<p>Et beaucoup d&rsquo;autre instruments avec diff\u00e9rentes caract\u00e9ristiques<\/p>\n\n\n\n<p>Nous demander : contact@cboi.yt<\/p>\n","protected":false},"excerpt":{"rendered":"<p>La EWJ 600-2M Port\u00e9 maximum 600g Charge minimale 0.5 g Lecture par 0.01 g Approbation Classe II Programme d&rsquo;ajustage interne de fa\u00e7on temporis\u00e9e Indication de capacit\u00e9 Housse d&rsquo;utilisation transparente compris dans la livraison Protection lat\u00e9rale Utilisation : bijouterie, cosm\u00e9tique&#8230; Lien vers le constructeur (cliquer sur ce texte) (stock \u00e0 Mayotte limit\u00e9, commande possible) ABT 320-4NM&hellip; <a class=\"more-link\" href=\"https:\/\/cboi.yt\/?page_id=271\">Poursuivre la lecture <span class=\"screen-reader-text\">Balances de laboratoire :<\/span><\/a><\/p>\n","protected":false},"author":1,"featured_media":0,"parent":0,"menu_order":0,"comment_status":"closed","ping_status":"closed","template":"","meta":{"footnotes":""},"class_list":["post-271","page","type-page","status-publish","hentry","entry"],"uagb_featured_image_src":{"full":false,"thumbnail":false,"medium":false,"medium_large":false,"large":false,"1536x1536":false,"2048x2048":false,"post-thumbnail":false},"uagb_author_info":{"display_name":"admin7778","author_link":"https:\/\/cboi.yt\/?author=1"},"uagb_comment_info":0,"uagb_excerpt":"La EWJ 600-2M Port\u00e9 maximum 600g Charge minimale 0.5 g Lecture par 0.01 g Approbation Classe II Programme d&rsquo;ajustage interne de fa\u00e7on temporis\u00e9e Indication de capacit\u00e9 Housse d&rsquo;utilisation transparente compris dans la livraison Protection lat\u00e9rale Utilisation : bijouterie, cosm\u00e9tique&#8230; Lien vers le constructeur (cliquer sur ce texte) (stock \u00e0 Mayotte limit\u00e9, commande possible) ABT 320-4NM&hellip;\u2026","_links":{"self":[{"href":"https:\/\/cboi.yt\/index.php?rest_route=\/wp\/v2\/pages\/271","targetHints":{"allow":["GET"]}}],"collection":[{"href":"https:\/\/cboi.yt\/index.php?rest_route=\/wp\/v2\/pages"}],"about":[{"href":"https:\/\/cboi.yt\/index.php?rest_route=\/wp\/v2\/types\/page"}],"author":[{"embeddable":true,"href":"https:\/\/cboi.yt\/index.php?rest_route=\/wp\/v2\/users\/1"}],"replies":[{"embeddable":true,"href":"https:\/\/cboi.yt\/index.php?rest_route=%2Fwp%2Fv2%2Fcomments&post=271"}],"version-history":[{"count":4,"href":"https:\/\/cboi.yt\/index.php?rest_route=\/wp\/v2\/pages\/271\/revisions"}],"predecessor-version":[{"id":277,"href":"https:\/\/cboi.yt\/index.php?rest_route=\/wp\/v2\/pages\/271\/revisions\/277"}],"wp:attachment":[{"href":"https:\/\/cboi.yt\/index.php?rest_route=%2Fwp%2Fv2%2Fmedia&parent=271"}],"curies":[{"name":"wp","href":"https:\/\/api.w.org\/{rel}","templated":true}]}}