{"id":280,"date":"2022-09-25T12:49:40","date_gmt":"2022-09-25T10:49:40","guid":{"rendered":"https:\/\/cboi.yt\/?page_id=280"},"modified":"2022-09-25T13:14:51","modified_gmt":"2022-09-25T11:14:51","slug":"balances-medicales","status":"publish","type":"page","link":"https:\/\/cboi.yt\/?page_id=280","title":{"rendered":"Balances m\u00e9dicales"},"content":{"rendered":"\n<p>Pr\u00e9sentation de quelques produits pr\u00e9s\u00e9lectionn\u00e9s, retrouver toutes les gammes de nos produits sur les sites des constructeurs.<\/p>\n\n\n\n<p><a href=\"https:\/\/www.kern-sohn.com\/shop\/fr\/\">Kern<\/a><\/p>\n\n\n\n<p><a href=\"https:\/\/fr.secashop.com\/\" data-type=\"URL\" data-id=\"https:\/\/fr.secashop.com\/\">Seca<\/a><\/p>\n\n\n\n<div class=\"wp-block-media-text alignwide is-stacked-on-mobile\"><figure class=\"wp-block-media-text__media\"><img loading=\"lazy\" decoding=\"async\" width=\"307\" height=\"400\" src=\"https:\/\/cboi.yt\/wp-content\/uploads\/2022\/09\/img145-1.png\" alt=\"\" class=\"wp-image-291 size-full\" srcset=\"https:\/\/cboi.yt\/wp-content\/uploads\/2022\/09\/img145-1.png 307w, https:\/\/cboi.yt\/wp-content\/uploads\/2022\/09\/img145-1-230x300.png 230w\" sizes=\"auto, (max-width: 307px) 100vw, 307px\" \/><\/figure><div class=\"wp-block-media-text__content\">\n<p class=\"has-large-font-size\">SECA 761<\/p>\n\n\n\n<p>Capacit\u00e9 150 kg<\/p>\n\n\n\n<p>Graduation 1kg<\/p>\n\n\n\n<p>Approbation classe IIII<\/p>\n\n\n\n<p>En option sacoche de transport<\/p>\n\n\n\n<p>Tr\u00e8s r\u00e9sistant<\/p>\n\n\n\n<p><em>(sur commande)<\/em><\/p>\n<\/div><\/div>\n\n\n\n<div class=\"wp-block-media-text alignwide has-media-on-the-right is-stacked-on-mobile\"><figure class=\"wp-block-media-text__media\"><img loading=\"lazy\" decoding=\"async\" width=\"745\" height=\"399\" src=\"https:\/\/cboi.yt\/wp-content\/uploads\/2022\/09\/img9032.png\" alt=\"\" class=\"wp-image-282 size-full\" srcset=\"https:\/\/cboi.yt\/wp-content\/uploads\/2022\/09\/img9032.png 745w, https:\/\/cboi.yt\/wp-content\/uploads\/2022\/09\/img9032-300x161.png 300w\" sizes=\"auto, (max-width: 745px) 100vw, 745px\" \/><\/figure><div class=\"wp-block-media-text__content\">\n<p class=\"has-large-font-size\">SECA 878DR<\/p>\n\n\n\n<p>Capacit\u00e9 200 kg<\/p>\n\n\n\n<p>Graduation 100 g &lt; 150 kg &gt; 200 g<\/p>\n\n\n\n<p>Approbation Classe III<\/p>\n\n\n\n<p>Alimentation : piles, (adaptateur secteur seca 447 en option)<\/p>\n\n\n\n<p>Fonctions : TARE-m\u00e8re, HOLD, extinction automatique<\/p>\n\n\n\n<p>En option : \u00e9tiquette personnalisable seca 478<\/p>\n\n\n\n<p>Version DME sur demande<\/p>\n\n\n\n<p><em>(sur commande)<\/em><\/p>\n<\/div><\/div>\n\n\n\n<div class=\"wp-block-media-text alignwide is-stacked-on-mobile\"><figure class=\"wp-block-media-text__media\"><img loading=\"lazy\" decoding=\"async\" width=\"599\" height=\"400\" src=\"https:\/\/cboi.yt\/wp-content\/uploads\/2022\/09\/12647_seca_376_front_wireless_RGB.png\" alt=\"\" class=\"wp-image-283 size-full\" srcset=\"https:\/\/cboi.yt\/wp-content\/uploads\/2022\/09\/12647_seca_376_front_wireless_RGB.png 599w, https:\/\/cboi.yt\/wp-content\/uploads\/2022\/09\/12647_seca_376_front_wireless_RGB-300x200.png 300w\" sizes=\"auto, (max-width: 599px) 100vw, 599px\" \/><\/figure><div class=\"wp-block-media-text__content\">\n<p class=\"has-large-font-size\">PESE BEBE SECA 376<\/p>\n\n\n\n<p>Capacit\u00e9 20 kg<\/p>\n\n\n\n<p>Graduation 5 g &lt; 7,5 kg &gt; 10 g<\/p>\n\n\n\n<p>Approbation Classe III<\/p>\n\n\n\n<p>Alimentation \u00e9lectrique \u00e0 Piles (adaptateur secteur en option)<\/p>\n\n\n\n<p>Fonction : Tare, Hold, Auto Hold, Reset, extinction automatique<\/p>\n\n\n\n<p>Version DME sur demande<\/p>\n\n\n\n<p><em>(sur commande)<\/em><\/p>\n<\/div><\/div>\n\n\n\n<div class=\"wp-block-media-text alignwide has-media-on-the-right is-stacked-on-mobile\"><figure class=\"wp-block-media-text__media\"><img loading=\"lazy\" decoding=\"async\" width=\"1024\" height=\"618\" src=\"https:\/\/cboi.yt\/wp-content\/uploads\/2022\/09\/MBC-15K2DEM-1024x618.png\" alt=\"\" class=\"wp-image-284 size-full\" srcset=\"https:\/\/cboi.yt\/wp-content\/uploads\/2022\/09\/MBC-15K2DEM-1024x618.png 1024w, https:\/\/cboi.yt\/wp-content\/uploads\/2022\/09\/MBC-15K2DEM-300x181.png 300w, https:\/\/cboi.yt\/wp-content\/uploads\/2022\/09\/MBC-15K2DEM-768x464.png 768w, https:\/\/cboi.yt\/wp-content\/uploads\/2022\/09\/MBC-15K2DEM.png 1280w\" sizes=\"auto, (max-width: 1024px) 100vw, 1024px\" \/><\/figure><div class=\"wp-block-media-text__content\">\n<p class=\"has-large-font-size\">PESE BEBE KERN<\/p>\n\n\n\n<p>Capacit\u00e9 15 kg<\/p>\n\n\n\n<p>Graduation 2 g &lt; 6 kg &gt; 5 g<\/p>\n\n\n\n<p>Approbation Classe III<\/p>\n\n\n\n<p>Alimentation sur batterie et secteur<\/p>\n\n\n\n<p>Fonction : Hold, biberon<\/p>\n\n\n\n<p>En option : sac de transport, toise, house de protection<\/p>\n\n\n\n<p><em>(en stock limit\u00e9 \u00e0 Mayotte, commande possible)<\/em><\/p>\n<\/div><\/div>\n\n\n\n<div class=\"wp-block-media-text alignwide is-stacked-on-mobile\"><figure class=\"wp-block-media-text__media\"><img loading=\"lazy\" decoding=\"async\" width=\"378\" height=\"400\" src=\"https:\/\/cboi.yt\/wp-content\/uploads\/2022\/09\/img95.png\" alt=\"\" class=\"wp-image-285 size-full\" srcset=\"https:\/\/cboi.yt\/wp-content\/uploads\/2022\/09\/img95.png 378w, https:\/\/cboi.yt\/wp-content\/uploads\/2022\/09\/img95-284x300.png 284w\" sizes=\"auto, (max-width: 378px) 100vw, 378px\" \/><\/figure><div class=\"wp-block-media-text__content\">\n<p class=\"has-large-font-size\">Fauteuil p\u00e8se-personne<\/p>\n\n\n\n<p>Capacit\u00e9 200 kg<\/p>\n\n\n\n<p>Graduation 100 g<\/p>\n\n\n\n<p>Approbation Classe III<\/p>\n\n\n\n<p>Alimentation \u00e9lectrique \u00e0 piles<\/p>\n\n\n\n<p>Fonction : Tare, Hold, Extinction automatique<\/p>\n\n\n\n<p>Version DME sur demande<\/p>\n\n\n\n<p><em>(sur commande)<\/em><\/p>\n<\/div><\/div>\n\n\n\n<div class=\"wp-block-media-text alignwide has-media-on-the-right is-stacked-on-mobile\"><figure class=\"wp-block-media-text__media\"><img loading=\"lazy\" decoding=\"async\" width=\"370\" height=\"400\" src=\"https:\/\/cboi.yt\/wp-content\/uploads\/2022\/09\/img225.png\" alt=\"\" class=\"wp-image-288 size-full\" srcset=\"https:\/\/cboi.yt\/wp-content\/uploads\/2022\/09\/img225.png 370w, https:\/\/cboi.yt\/wp-content\/uploads\/2022\/09\/img225-278x300.png 278w\" sizes=\"auto, (max-width: 370px) 100vw, 370px\" \/><\/figure><div class=\"wp-block-media-text__content\">\n<p class=\"has-large-font-size\">Plateforme de pes\u00e9e pour fauteuil roulant compatible int\u00e9gration DME avec main courante et roulettes de transport<\/p>\n\n\n\n<p>Capacit\u00e9 300 kg<\/p>\n\n\n\n<p>Graduation 100 g &lt; 200 kg &gt; 200 g<\/p>\n\n\n\n<p>Approbation Classe III<\/p>\n\n\n\n<p>Alimentation \u00e9lectrique : Adaptateur secteur<\/p>\n\n\n\n<p>Fonction : Tare, pr\u00e9 Tare, Hold, Auto Hold, auto Clear, Reset<\/p>\n\n\n\n<p><em>(sur commande)<\/em><\/p>\n<\/div><\/div>\n\n\n\n<p>Et beaucoup d\u2019autre instruments avec diff\u00e9rentes caract\u00e9ristiques<\/p>\n\n\n\n<p>Nous demander : contact@cboi.yt<\/p>\n","protected":false},"excerpt":{"rendered":"<p>Pr\u00e9sentation de quelques produits pr\u00e9s\u00e9lectionn\u00e9s, retrouver toutes les gammes de nos produits sur les sites des constructeurs. Kern Seca SECA 761 Capacit\u00e9 150 kg Graduation 1kg Approbation classe IIII En option sacoche de transport Tr\u00e8s r\u00e9sistant (sur commande) SECA 878DR Capacit\u00e9 200 kg Graduation 100 g &lt; 150 kg &gt; 200 g Approbation Classe III&hellip; <a class=\"more-link\" href=\"https:\/\/cboi.yt\/?page_id=280\">Poursuivre la lecture <span class=\"screen-reader-text\">Balances m\u00e9dicales<\/span><\/a><\/p>\n","protected":false},"author":1,"featured_media":0,"parent":0,"menu_order":0,"comment_status":"closed","ping_status":"closed","template":"","meta":{"footnotes":""},"class_list":["post-280","page","type-page","status-publish","hentry","entry"],"uagb_featured_image_src":{"full":false,"thumbnail":false,"medium":false,"medium_large":false,"large":false,"1536x1536":false,"2048x2048":false,"post-thumbnail":false},"uagb_author_info":{"display_name":"admin7778","author_link":"https:\/\/cboi.yt\/?author=1"},"uagb_comment_info":0,"uagb_excerpt":"Pr\u00e9sentation de quelques produits pr\u00e9s\u00e9lectionn\u00e9s, retrouver toutes les gammes de nos produits sur les sites des constructeurs. Kern Seca SECA 761 Capacit\u00e9 150 kg Graduation 1kg Approbation classe IIII En option sacoche de transport Tr\u00e8s r\u00e9sistant (sur commande) SECA 878DR Capacit\u00e9 200 kg Graduation 100 g &lt; 150 kg &gt; 200 g Approbation Classe III&hellip;\u2026","_links":{"self":[{"href":"https:\/\/cboi.yt\/index.php?rest_route=\/wp\/v2\/pages\/280","targetHints":{"allow":["GET"]}}],"collection":[{"href":"https:\/\/cboi.yt\/index.php?rest_route=\/wp\/v2\/pages"}],"about":[{"href":"https:\/\/cboi.yt\/index.php?rest_route=\/wp\/v2\/types\/page"}],"author":[{"embeddable":true,"href":"https:\/\/cboi.yt\/index.php?rest_route=\/wp\/v2\/users\/1"}],"replies":[{"embeddable":true,"href":"https:\/\/cboi.yt\/index.php?rest_route=%2Fwp%2Fv2%2Fcomments&post=280"}],"version-history":[{"count":4,"href":"https:\/\/cboi.yt\/index.php?rest_route=\/wp\/v2\/pages\/280\/revisions"}],"predecessor-version":[{"id":304,"href":"https:\/\/cboi.yt\/index.php?rest_route=\/wp\/v2\/pages\/280\/revisions\/304"}],"wp:attachment":[{"href":"https:\/\/cboi.yt\/index.php?rest_route=%2Fwp%2Fv2%2Fmedia&parent=280"}],"curies":[{"name":"wp","href":"https:\/\/api.w.org\/{rel}","templated":true}]}}