{"id":295,"date":"2022-09-25T13:03:42","date_gmt":"2022-09-25T11:03:42","guid":{"rendered":"https:\/\/cboi.yt\/?page_id=295"},"modified":"2022-09-25T13:03:42","modified_gmt":"2022-09-25T11:03:42","slug":"transpalette-peseur-2","status":"publish","type":"page","link":"https:\/\/cboi.yt\/?page_id=295","title":{"rendered":"Transpalette peseur"},"content":{"rendered":"\n<div class=\"wp-block-media-text alignwide is-stacked-on-mobile\"><figure class=\"wp-block-media-text__media\"><img loading=\"lazy\" decoding=\"async\" width=\"415\" height=\"449\" src=\"https:\/\/cboi.yt\/wp-content\/uploads\/2022\/09\/VHB-2T1.jpg\" alt=\"\" class=\"wp-image-296 size-full\" srcset=\"https:\/\/cboi.yt\/wp-content\/uploads\/2022\/09\/VHB-2T1.jpg 415w, https:\/\/cboi.yt\/wp-content\/uploads\/2022\/09\/VHB-2T1-277x300.jpg 277w\" sizes=\"auto, (max-width: 415px) 100vw, 415px\" \/><\/figure><div class=\"wp-block-media-text__content\">\n<p class=\"has-large-font-size\">VHB 2T1<\/p>\n\n\n\n<p><strong>Chariots \u00e9l\u00e9vateurs peseurs avec protection compl\u00e8te contre la poussi\u00e8re et les projections d\u2019eau IP65\/67 et emplacement de m\u00e9moire pour un poids de r\u00e9cipient<\/strong><\/p>\n\n\n\n<p>Capacit\u00e9 2000 kg<\/p>\n\n\n\n<p>Graduation 1 kg<\/p>\n\n\n\n<p>\u00c9nergie : batterie 4 x 1.5v AA<\/p>\n\n\n\n<p>Dur\u00e9e de service: 80h<\/p>\n\n\n\n<p><em>(sur commande)<\/em><\/p>\n<\/div><\/div>\n","protected":false},"excerpt":{"rendered":"<p>VHB 2T1 Chariots \u00e9l\u00e9vateurs peseurs avec protection compl\u00e8te contre la poussi\u00e8re et les projections d\u2019eau IP65\/67 et emplacement de m\u00e9moire pour un poids de r\u00e9cipient Capacit\u00e9 2000 kg Graduation 1 kg \u00c9nergie : batterie 4 x 1.5v AA Dur\u00e9e de service: 80h (sur commande)<\/p>\n","protected":false},"author":1,"featured_media":0,"parent":0,"menu_order":0,"comment_status":"closed","ping_status":"closed","template":"","meta":{"footnotes":""},"class_list":["post-295","page","type-page","status-publish","hentry","entry"],"uagb_featured_image_src":{"full":false,"thumbnail":false,"medium":false,"medium_large":false,"large":false,"1536x1536":false,"2048x2048":false,"post-thumbnail":false},"uagb_author_info":{"display_name":"admin7778","author_link":"https:\/\/cboi.yt\/?author=1"},"uagb_comment_info":0,"uagb_excerpt":"VHB 2T1 Chariots \u00e9l\u00e9vateurs peseurs avec protection compl\u00e8te contre la poussi\u00e8re et les projections d\u2019eau IP65\/67 et emplacement de m\u00e9moire pour un poids de r\u00e9cipient Capacit\u00e9 2000 kg Graduation 1 kg \u00c9nergie : batterie 4 x 1.5v AA Dur\u00e9e de service: 80h (sur commande)","_links":{"self":[{"href":"https:\/\/cboi.yt\/index.php?rest_route=\/wp\/v2\/pages\/295","targetHints":{"allow":["GET"]}}],"collection":[{"href":"https:\/\/cboi.yt\/index.php?rest_route=\/wp\/v2\/pages"}],"about":[{"href":"https:\/\/cboi.yt\/index.php?rest_route=\/wp\/v2\/types\/page"}],"author":[{"embeddable":true,"href":"https:\/\/cboi.yt\/index.php?rest_route=\/wp\/v2\/users\/1"}],"replies":[{"embeddable":true,"href":"https:\/\/cboi.yt\/index.php?rest_route=%2Fwp%2Fv2%2Fcomments&post=295"}],"version-history":[{"count":1,"href":"https:\/\/cboi.yt\/index.php?rest_route=\/wp\/v2\/pages\/295\/revisions"}],"predecessor-version":[{"id":298,"href":"https:\/\/cboi.yt\/index.php?rest_route=\/wp\/v2\/pages\/295\/revisions\/298"}],"wp:attachment":[{"href":"https:\/\/cboi.yt\/index.php?rest_route=%2Fwp%2Fv2%2Fmedia&parent=295"}],"curies":[{"name":"wp","href":"https:\/\/api.w.org\/{rel}","templated":true}]}}