{"id":3,"date":"2022-02-09T20:15:17","date_gmt":"2022-02-09T19:15:17","guid":{"rendered":"http:\/\/cboi.yt\/?page_id=3"},"modified":"2022-09-16T15:46:31","modified_gmt":"2022-09-16T13:46:31","slug":"condition-generales-dutilisation-du-site-cboi-yt","status":"publish","type":"page","link":"https:\/\/cboi.yt\/?page_id=3","title":{"rendered":"CGU"},"content":{"rendered":"\n<h3 class=\"wp-block-heading\">&nbsp;<\/h3>\n\n\n\n<hr class=\"wp-block-separator alignwide\"\/>\n\n\n\n<h3 class=\"wp-block-heading\">&nbsp;<\/h3>\n\n\n\n<p class=\"tw-text-wide has-h-3-font-size\"><strong>Conditions G\u00e9n\u00e9rales d&rsquo;Utilisation :<\/strong><\/p>\n\n\n\n<p><\/p>\n\n\n\n<p>En vigueur au 01\/03\/2022<\/p>\n\n\n\n<p>Les pr\u00e9sentes conditions g\u00e9n\u00e9rales d\u2019utilisation (dites \u00ab <strong>CGU<\/strong> \u00bb) ont pour objet l\u2019encadrement juridique des modalit\u00e9s de mise \u00e0 disposition du site et des services par CBOI et de d\u00e9finir les conditions d\u2019acc\u00e8s et d\u2019utilisation des services par \u00ab <strong>l\u2019Utilisateur<\/strong> \u00bb.<\/p>\n\n\n\n<p>Les pr\u00e9sentes CGU sont accessibles sur le site \u00e0 la rubrique \u00ab<strong>CGU<\/strong>\u00bb.<\/p>\n\n\n\n<p>L\u2019utilisation du site cboi.yt implique l\u2019acceptation pleine et enti\u00e8re des conditions g\u00e9n\u00e9rales d\u2019utilisation d\u00e9crites ci-apr\u00e8s.<\/p>\n\n\n\n<p>Celles-ci sont consultables par l\u2019interm\u00e9diaire d\u2019un lien hypertexte plac\u00e9 sur toutes les pages du site cboi.yt.<\/p>\n\n\n\n<p><strong>Article 1 : Les mentions l\u00e9gales<\/strong><\/p>\n\n\n\n<p>L\u2019\u00e9dition du site cboi.yt est assur\u00e9e par la Soci\u00e9t\u00e9 SAS CBOI au capital de 100 euros, immatricul\u00e9e au RCS de Mamoudzou sous le num\u00e9ro 910475557, dont le si\u00e8ge social est situ\u00e9 au 28 Rue Pentagone 97690 KOUNGOU<\/p>\n\n\n\n<p>Num\u00e9ro de t\u00e9l\u00e9phone 0639 291 366<\/p>\n\n\n\n<p>Adresse e-mail : contact@cboi.yt<\/p>\n\n\n\n<p>Le Directeur de la publication est :JC ROQUEFORT<\/p>\n\n\n\n<p>L\u2019h\u00e9bergeur du site Cboi.yt est la soci\u00e9t\u00e9 OVH, dont le si\u00e8ge social est situ\u00e9 au Enterprise House, O\u2019Brien Road, Co. Carlow, Carlow, R93Y0Y3, Ireland.<\/p>\n\n\n\n<p><strong>ARTICLE 2 : Acc\u00e8s au site<\/strong><\/p>\n\n\n\n<p>Le site cboi.yt permet \u00e0 l\u2019Utilisateur un acc\u00e8s gratuit aux services suivants :<\/p>\n\n\n\n<p>Le site internet propose les services suivants :<\/p>\n\n\n\n<p>Informations commerciales<\/p>\n\n\n\n<p>Le site est accessible gratuitement en tout lieu \u00e0 tout Utilisateur ayant un acc\u00e8s \u00e0 Internet. Tous les frais support\u00e9s par l\u2019Utilisateur pour acc\u00e9der au service (mat\u00e9riel informatique, logiciels, connexion Internet, etc.) sont \u00e0 sa charge.<\/p>\n\n\n\n<p>Le site Cboi.yt est par principe accessible aux utilisateurs 24\/24h, 7\/7j, sauf interruption, programm\u00e9e ou non, pour les besoins de sa maintenance ou en cas de force majeure. En cas d\u2019impossibilit\u00e9 d\u2019acc\u00e8s au service, Cboi.yt CBOI SAS ne saurait \u00eatre tenu responsable de toute cause parvenue due \u00e0 l\u2019impossibilit\u00e9 de l\u2019acc\u00e8s au site par les utilisateurs.<\/p>\n\n\n\n<p>CBOI SAS s\u2019engage \u00e0 faire son maximum afin de r\u00e9tablir l\u2019acc\u00e8s au service et s\u2019efforcera alors de communiquer pr\u00e9alablement aux utilisateurs les dates et heures de l\u2019intervention. N\u2019\u00e9tant soumis qu\u2019\u00e0 une obligation de moyen, medetram.yt ne saurait \u00eatre tenu pour responsable de tout dommage, quelle qu\u2019en soit la nature, r\u00e9sultant d\u2019une indisponibilit\u00e9 du service.<\/p>\n\n\n\n<p><strong>ARTICLE 3 : Collecte des donn\u00e9es<\/strong><\/p>\n\n\n\n<p>Le site est exempt\u00e9 de d\u00e9claration \u00e0 la Commission Nationale Informatique et Libert\u00e9s (CNIL) dans la mesure o\u00f9 il ne collecte aucune donn\u00e9e concernant les Utilisateurs.<\/p>\n\n\n\n<p><strong>ARTICLE 4 : Propri\u00e9t\u00e9 intellectuelle<\/strong><\/p>\n\n\n\n<p>Les marques, logos, signes ainsi que tous les contenus du site (textes, images, son\u2026) font l\u2019objet d\u2019une protection par le Code de la propri\u00e9t\u00e9 intellectuelle et plus particuli\u00e8rement par le droit d\u2019auteur.<\/p>\n\n\n\n<p>La marque CBOI est une marque d\u00e9pos\u00e9e par CBOI SAS. Toute repr\u00e9sentation et\/ou reproduction et\/ou exploitation partielle ou totale de cette marque, de quelque nature que ce soit, est totalement prohib\u00e9e.<\/p>\n\n\n\n<p>L\u2019Utilisateur doit solliciter l\u2019autorisation pr\u00e9alable du site pour toute reproduction, publication, copie des diff\u00e9rents contenus. Il s\u2019engage \u00e0 une utilisation des contenus du site dans un cadre strictement priv\u00e9, toute utilisation \u00e0 des fins commerciales et publicitaires est strictement interdite.<\/p>\n\n\n\n<p>Toute repr\u00e9sentation totale ou partielle de ce site par quelque proc\u00e9d\u00e9 que ce soit, sans l\u2019autorisation expresse de l\u2019exploitant du site Internet constituerait une contrefa\u00e7on sanctionn\u00e9e par l\u2019article L 335-2 et suivants du Code de la propri\u00e9t\u00e9 intellectuelle.<\/p>\n\n\n\n<p>Il est rappel\u00e9 conform\u00e9ment \u00e0 l\u2019article L122-5 du Code de propri\u00e9t\u00e9 intellectuelle que l\u2019Utilisateur qui reproduit, copie ou publie le contenu prot\u00e9g\u00e9 doit citer l\u2019auteur et sa source.<\/p>\n\n\n\n<p><strong>ARTICLE 5 : Responsabilit\u00e9<\/strong><\/p>\n\n\n\n<p>Les sources des informations diffus\u00e9es sur le site Cboi.yt sont r\u00e9put\u00e9es fiables mais le site ne garantit pas qu\u2019il soit exempt de d\u00e9fauts, d\u2019erreurs ou d\u2019omissions.<\/p>\n\n\n\n<p>Les informations communiqu\u00e9es sont pr\u00e9sent\u00e9es \u00e0 titre indicatif et g\u00e9n\u00e9ral sans valeur contractuelle. Malgr\u00e9 des mises \u00e0 jour r\u00e9guli\u00e8res, le site Cboi.yt ne peut \u00eatre tenu responsable de la modification des dispositions administratives et juridiques survenant apr\u00e8s la publication. De m\u00eame, le site ne peut \u00eatre tenue responsable de l\u2019utilisation et de l\u2019interpr\u00e9tation de l\u2019information contenue dans ce site.<\/p>\n\n\n\n<p>Le site cboi.yt d\u00e9cline toute responsabilit\u00e9 quant aux contenus des sites de ses partenaires ou de ses clients auxquels le visiteur acc\u00e9derait \u00e0 partir de ce site.<\/p>\n\n\n\n<p>Le site cboi.yt ne peut \u00eatre tenu pour responsable d\u2019\u00e9ventuels virus qui pourraient infecter l\u2019ordinateur ou tout mat\u00e9riel informatique de l\u2019Internaute, suite \u00e0 une utilisation, \u00e0 l\u2019acc\u00e8s, ou au t\u00e9l\u00e9chargement provenant de ce site.<\/p>\n\n\n\n<p>La responsabilit\u00e9 du site ne peut \u00eatre engag\u00e9e en cas de force majeure ou du fait impr\u00e9visible et insurmontable d\u2019un tiers.<\/p>\n\n\n\n<p>CBOIS SAS&nbsp;se r\u00e9serve le droit, \u00e0 tout moment, de modifier, compl\u00e9ter, enlever ou ajouter, ce sans pr\u00e9avis, tout ou partie des pr\u00e9sentes conditions d\u2019utilisation du site cboi.yt, aussi les utilisateurs du site cboi.yt sont invit\u00e9s \u00e0 les consulter de mani\u00e8re r\u00e9guli\u00e8re, car elles s\u2019imposent \u00e0 eux sans aucune r\u00e9serve. CBOI SAS se r\u00e9serve aussi le droit de c\u00e9der, transf\u00e9rer, ce sans pr\u00e9avis les droits et\/ou obligations des pr\u00e9sentes CGU et mentions l\u00e9gales. En continuant \u00e0 utiliser les Services du site cboi.yt, l\u2019utilisateur reconna\u00eet accepter les modifications des conditions g\u00e9n\u00e9rales d\u2019utilisation qui seraient intervenues.<\/p>\n\n\n\n<p><strong>ARTICLE 6 : Liens hypertextes<\/strong><\/p>\n\n\n\n<p>Des liens hypertextes peuvent \u00eatre pr\u00e9sents sur le site. L\u2019Utilisateur est inform\u00e9 qu\u2019en cliquant sur ces liens, il sortira du site cboi.yt. Ce dernier n\u2019a pas de contr\u00f4le sur les pages web sur lesquelles aboutissent ces liens et ne saurait, en aucun cas, \u00eatre responsable de leur contenu.<\/p>\n\n\n\n<p><strong>ARTICLE 7 : Cookies<\/strong><\/p>\n\n\n\n<p>L\u2019Utilisateur est inform\u00e9 que lors de ses visites sur le site, un cookie peut s\u2019installer automatiquement sur son logiciel de navigation.<\/p>\n\n\n\n<p>Les cookies sont de petits fichiers stock\u00e9s temporairement sur le disque dur de l\u2019ordinateur de l\u2019Utilisateur par votre navigateur et qui sont n\u00e9cessaires \u00e0 l\u2019utilisation du site cboi.yt. Les cookies ne contiennent pas d\u2019information personnelle et ne peuvent pas \u00eatre utilis\u00e9s pour identifier quelqu\u2019un. Un cookie contient un identifiant unique, g\u00e9n\u00e9r\u00e9 al\u00e9atoirement et donc anonyme. Certains cookies expirent \u00e0 la fin de la visite de l\u2019Utilisateur, d\u2019autres restent.<\/p>\n\n\n\n<p>L\u2019information contenue dans les cookies est utilis\u00e9e pour am\u00e9liorer le site cboi.yt.<\/p>\n\n\n\n<p>En naviguant sur le site, L\u2019Utilisateur les accepte.<\/p>\n\n\n\n<p>L\u2019Utilisateur pourra d\u00e9sactiver ces cookies par l\u2019interm\u00e9diaire des param\u00e8tres figurant au sein de son logiciel de navigation.<\/p>\n\n\n\n<p><strong>ARTICLE 8 : Droit applicable et juridiction comp\u00e9tente<\/strong><\/p>\n\n\n\n<p>La l\u00e9gislation fran\u00e7aise s\u2019applique au pr\u00e9sent contrat. En cas d\u2019absence de r\u00e9solution amiable d\u2019un litige n\u00e9 entre les parties, les tribunaux fran\u00e7ais de Mayotte seront seuls comp\u00e9tents pour en conna\u00eetre.<\/p>\n\n\n\n<p>Pour toute question relative \u00e0 l\u2019application des pr\u00e9sentes CGU, vous pouvez joindre l\u2019\u00e9diteur aux coordonn\u00e9es inscrites \u00e0 l\u2019ARTICLE 1.<\/p>\n\n\n\n<hr class=\"wp-block-separator\"\/>\n\n\n\n<p class=\"tw-text-wide has-h-3-font-size\"><\/p>\n\n\n\n<p><\/p>\n","protected":false},"excerpt":{"rendered":"<p>&nbsp; &nbsp; Conditions G\u00e9n\u00e9rales d&rsquo;Utilisation : En vigueur au 01\/03\/2022 Les pr\u00e9sentes conditions g\u00e9n\u00e9rales d\u2019utilisation (dites \u00ab CGU \u00bb) ont pour objet l\u2019encadrement juridique des modalit\u00e9s de mise \u00e0 disposition du site et des services par CBOI et de d\u00e9finir les conditions d\u2019acc\u00e8s et d\u2019utilisation des services par \u00ab l\u2019Utilisateur \u00bb. Les pr\u00e9sentes CGU sont&hellip; <a class=\"more-link\" href=\"https:\/\/cboi.yt\/?page_id=3\">Poursuivre la lecture <span class=\"screen-reader-text\">CGU<\/span><\/a><\/p>\n","protected":false},"author":1,"featured_media":0,"parent":0,"menu_order":0,"comment_status":"closed","ping_status":"closed","template":"","meta":{"footnotes":""},"class_list":["post-3","page","type-page","status-publish","hentry","entry"],"uagb_featured_image_src":{"full":false,"thumbnail":false,"medium":false,"medium_large":false,"large":false,"1536x1536":false,"2048x2048":false,"post-thumbnail":false},"uagb_author_info":{"display_name":"admin7778","author_link":"https:\/\/cboi.yt\/?author=1"},"uagb_comment_info":0,"uagb_excerpt":"&nbsp; &nbsp; Conditions G\u00e9n\u00e9rales d&rsquo;Utilisation : En vigueur au 01\/03\/2022 Les pr\u00e9sentes conditions g\u00e9n\u00e9rales d\u2019utilisation (dites \u00ab CGU \u00bb) ont pour objet l\u2019encadrement juridique des modalit\u00e9s de mise \u00e0 disposition du site et des services par CBOI et de d\u00e9finir les conditions d\u2019acc\u00e8s et d\u2019utilisation des services par \u00ab l\u2019Utilisateur \u00bb. Les pr\u00e9sentes CGU sont&hellip;\u2026","_links":{"self":[{"href":"https:\/\/cboi.yt\/index.php?rest_route=\/wp\/v2\/pages\/3","targetHints":{"allow":["GET"]}}],"collection":[{"href":"https:\/\/cboi.yt\/index.php?rest_route=\/wp\/v2\/pages"}],"about":[{"href":"https:\/\/cboi.yt\/index.php?rest_route=\/wp\/v2\/types\/page"}],"author":[{"embeddable":true,"href":"https:\/\/cboi.yt\/index.php?rest_route=\/wp\/v2\/users\/1"}],"replies":[{"embeddable":true,"href":"https:\/\/cboi.yt\/index.php?rest_route=%2Fwp%2Fv2%2Fcomments&post=3"}],"version-history":[{"count":8,"href":"https:\/\/cboi.yt\/index.php?rest_route=\/wp\/v2\/pages\/3\/revisions"}],"predecessor-version":[{"id":243,"href":"https:\/\/cboi.yt\/index.php?rest_route=\/wp\/v2\/pages\/3\/revisions\/243"}],"wp:attachment":[{"href":"https:\/\/cboi.yt\/index.php?rest_route=%2Fwp%2Fv2%2Fmedia&parent=3"}],"curies":[{"name":"wp","href":"https:\/\/api.w.org\/{rel}","templated":true}]}}