{"id":362,"date":"2023-07-11T15:29:23","date_gmt":"2023-07-11T13:29:23","guid":{"rendered":"https:\/\/cboi.yt\/?page_id=362"},"modified":"2023-07-11T15:32:27","modified_gmt":"2023-07-11T13:32:27","slug":"lexique","status":"publish","type":"page","link":"https:\/\/cboi.yt\/?page_id=362","title":{"rendered":"Lexique"},"content":{"rendered":"\n<p class=\"tw-text-wide\"><img loading=\"lazy\" decoding=\"async\" width=\"150\" height=\"100\" class=\"wp-image-363\" style=\"width: 150px;\" src=\"https:\/\/cboi.yt\/wp-content\/uploads\/2023\/07\/Dictionnaire.webp\" alt=\"\" srcset=\"https:\/\/cboi.yt\/wp-content\/uploads\/2023\/07\/Dictionnaire.webp 600w, https:\/\/cboi.yt\/wp-content\/uploads\/2023\/07\/Dictionnaire-300x200.webp 300w\" sizes=\"auto, (max-width: 150px) 100vw, 150px\" \/>L<strong>exique de base pour les IPFNA<\/strong><\/p>\n\n\n\n<ul class=\"wp-block-list\">\n<li><strong>Ajustage :<\/strong> Op\u00e9ration destin\u00e9e \u00e0 amener un instrument  de mesure \u00e0 un \u00e9tat de fonctionnement convenant \u00e0 son utilisation<\/li>\n\n\n\n<li><strong>Capteur \/ Cellule de pes\u00e9e<\/strong> :  Composant qui permet la mesure du poids en convertissant l\u2019effet de l\u2019apesanteur en signal de sortie. Dans la plupart des cas c\u2019est une jauge de contrainte qui donne une tension directement proportionnelle au poids mesur\u00e9.<\/li>\n\n\n\n<li><strong>e : <\/strong>\u00c9chelon de v\u00e9rification, valeur exprim\u00e9e en unit\u00e9 de masse utilis\u00e9e pour la classification et la v\u00e9rification d&rsquo;un instrument.<\/li>\n\n\n\n<li><strong>Essai :<\/strong> Op\u00e9ration technique qui consiste \u00e0 d\u00e9terminer une ou plusieurs caract\u00e9ristiques d&rsquo;un produit, processus ou service donn\u00e9, selon le mode op\u00e9ration sp\u00e9cifi\u00e9.<\/li>\n\n\n\n<li><strong>Indicateur<\/strong> : Convertit le signal du capteur en information interpr\u00e9table par l\u2019utilisateur, \u00e9quip\u00e9 de convertisseur analogique\/num\u00e9rique, microcontr\u00f4leur, \u00e9cran et boutons pour piloter le tout.<\/li>\n\n\n\n<li><strong>IPFNA<\/strong> : Instrument de pesage qui n\u00e9cessite l\u2019intervention d\u2019un op\u00e9rateur au cours de la pes\u00e9e. L\u2019op\u00e9rateur garantit que le processus s\u2019est bien pass\u00e9, et donc que le r\u00e9sultat de la pes\u00e9e est valable.<\/li>\n\n\n\n<li><strong>Module<\/strong> : Partie identifiable d&rsquo;un instrument remplissant un ou plusieurs fonctions sp\u00e9cifiques. (typiquement : capteur \/ indicateur \/ assemblage m\u00e9canique). Chaque module doit r\u00e9pondre \u00e0 une s\u00e9rie d\u2019exigences (de performance et fonctionnelles) pour garantir que l\u2019ensemble est \u201cm\u00e9trologiquement correct\u201d. C\u2019est ce que l\u2019on appelle l\u2019approche modulaire.<\/li>\n\n\n\n<li><strong>R\u00e9cepteur de charge<\/strong> : Partie de l\u2019instrument de pesage o\u00f9 l\u2019on d\u00e9pose la charge.<\/li>\n\n\n\n<li><strong>Scellements<\/strong> : Dispositif qui permet de mettre en \u00e9vidence le fait que la partie m\u00e9trologique d\u2019un IPFNA a \u00e9t\u00e9 modifi\u00e9e, ou du moins qu\u2019elle a \u00e9t\u00e9 rendue accessible (ce sont souvent des adh\u00e9sifs qu\u2019il faut obligatoirement d\u00e9chirer pour pouvoir les enlever\u202f; cela peut \u00e9galement \u00eatre un scellement logiciel).<\/li>\n\n\n\n<li><strong>V\u00e9rification p\u00e9riodique<\/strong> : Essais effectu\u00e9s p\u00e9riodiquement durant l\u2019utilisation de l\u2019IPFNA, pour s\u2019assurer de sa conformit\u00e9 m\u00e9trologique.<\/li>\n\n\n\n<li><strong>V\u00e9rification primitive apr\u00e8s r\u00e9paration<\/strong> : Essais r\u00e9alis\u00e9s apr\u00e8s une r\u00e9paration et donc avant une re-mise en service.<\/li>\n<\/ul>\n","protected":false},"excerpt":{"rendered":"<p>Lexique de base pour les IPFNA<\/p>\n","protected":false},"author":1,"featured_media":0,"parent":0,"menu_order":0,"comment_status":"closed","ping_status":"closed","template":"","meta":{"footnotes":""},"class_list":["post-362","page","type-page","status-publish","hentry","entry"],"uagb_featured_image_src":{"full":false,"thumbnail":false,"medium":false,"medium_large":false,"large":false,"1536x1536":false,"2048x2048":false,"post-thumbnail":false},"uagb_author_info":{"display_name":"admin7778","author_link":"https:\/\/cboi.yt\/?author=1"},"uagb_comment_info":0,"uagb_excerpt":"Lexique de base pour les IPFNA","_links":{"self":[{"href":"https:\/\/cboi.yt\/index.php?rest_route=\/wp\/v2\/pages\/362","targetHints":{"allow":["GET"]}}],"collection":[{"href":"https:\/\/cboi.yt\/index.php?rest_route=\/wp\/v2\/pages"}],"about":[{"href":"https:\/\/cboi.yt\/index.php?rest_route=\/wp\/v2\/types\/page"}],"author":[{"embeddable":true,"href":"https:\/\/cboi.yt\/index.php?rest_route=\/wp\/v2\/users\/1"}],"replies":[{"embeddable":true,"href":"https:\/\/cboi.yt\/index.php?rest_route=%2Fwp%2Fv2%2Fcomments&post=362"}],"version-history":[{"count":5,"href":"https:\/\/cboi.yt\/index.php?rest_route=\/wp\/v2\/pages\/362\/revisions"}],"predecessor-version":[{"id":369,"href":"https:\/\/cboi.yt\/index.php?rest_route=\/wp\/v2\/pages\/362\/revisions\/369"}],"wp:attachment":[{"href":"https:\/\/cboi.yt\/index.php?rest_route=%2Fwp%2Fv2%2Fmedia&parent=362"}],"curies":[{"name":"wp","href":"https:\/\/api.w.org\/{rel}","templated":true}]}}