{"id":79,"date":"2022-02-13T16:33:45","date_gmt":"2022-02-13T15:33:45","guid":{"rendered":"http:\/\/cboi.yt\/?page_id=79"},"modified":"2025-09-05T14:43:10","modified_gmt":"2025-09-05T12:43:10","slug":"accueil","status":"publish","type":"page","link":"https:\/\/cboi.yt\/","title":{"rendered":"Accueil"},"content":{"rendered":"\n<div class=\"wp-block-cover alignfull is-light\" style=\"min-height:70vh;aspect-ratio:unset;\"><img loading=\"lazy\" decoding=\"async\" width=\"450\" height=\"229\" class=\"wp-block-cover__image-background wp-image-137\" alt=\"\" src=\"http:\/\/cboi.yt\/wp-content\/uploads\/2022\/03\/fsergio090100003.jpg\" data-object-fit=\"cover\" srcset=\"https:\/\/cboi.yt\/wp-content\/uploads\/2022\/03\/fsergio090100003.jpg 450w, https:\/\/cboi.yt\/wp-content\/uploads\/2022\/03\/fsergio090100003-300x153.jpg 300w\" sizes=\"auto, (max-width: 450px) 100vw, 450px\" \/><span aria-hidden=\"true\" class=\"wp-block-cover__background has-background-dim\"><\/span><div class=\"wp-block-cover__inner-container is-layout-flow wp-block-cover-is-layout-flow\">\n<h1 class=\"wp-block-heading alignwide has-text-align-center\"><\/h1>\n\n\n\n<div class=\"wp-block-buttons is-content-justification-center is-layout-flex wp-container-core-buttons-is-layout-16018d1d wp-block-buttons-is-layout-flex\"><\/div>\n<\/div><\/div>\n\n\n\n<div class=\"wp-block-group alignfull\"><div class=\"wp-block-group__inner-container is-layout-flow wp-block-group-is-layout-flow\">\n<p class=\"has-text-align-center has-h-3-font-size\">Votre prestataire de v\u00e9rification, r\u00e9paration et achats de vos <\/p>\n\n\n\n<p class=\"has-text-align-center has-h-3-font-size\"><strong>Instruments de Pesage \u00e0 Fonctionnement non Automatique (IPFNA<\/strong>)<\/p>\n<\/div><\/div>\n\n\n\n<div class=\"wp-block-group alignfull\"><div class=\"wp-block-group__inner-container is-layout-flow wp-block-group-is-layout-flow\">\n<div class=\"wp-block-columns alignwide is-layout-flex wp-container-core-columns-is-layout-9d6595d7 wp-block-columns-is-layout-flex\">\n<div class=\"wp-block-column is-layout-flow wp-block-column-is-layout-flow\">\n<figure class=\"wp-block-image size-full\"><img loading=\"lazy\" decoding=\"async\" width=\"640\" height=\"640\" src=\"http:\/\/cboi.yt\/wp-content\/uploads\/2022\/03\/kisspng-business-image-illustration-audit-report-misc-morphometrics-lab-florida-state-university-5b6a9b589c1de5.1108917115337132406395.png\" alt=\"\" class=\"wp-image-133\" srcset=\"https:\/\/cboi.yt\/wp-content\/uploads\/2022\/03\/kisspng-business-image-illustration-audit-report-misc-morphometrics-lab-florida-state-university-5b6a9b589c1de5.1108917115337132406395.png 640w, https:\/\/cboi.yt\/wp-content\/uploads\/2022\/03\/kisspng-business-image-illustration-audit-report-misc-morphometrics-lab-florida-state-university-5b6a9b589c1de5.1108917115337132406395-300x300.png 300w, https:\/\/cboi.yt\/wp-content\/uploads\/2022\/03\/kisspng-business-image-illustration-audit-report-misc-morphometrics-lab-florida-state-university-5b6a9b589c1de5.1108917115337132406395-150x150.png 150w\" sizes=\"auto, (max-width: 640px) 100vw, 640px\" \/><\/figure>\n\n\n\n<p><\/p>\n\n\n\n<p><\/p>\n<\/div>\n\n\n\n<div class=\"wp-block-column is-layout-flow wp-block-column-is-layout-flow\">\n<figure class=\"wp-block-image size-large\"><img loading=\"lazy\" decoding=\"async\" width=\"1024\" height=\"998\" src=\"http:\/\/cboi.yt\/wp-content\/uploads\/2022\/03\/kisspng-preventive-maintenance-total-productive-maintenanc-repair-5ab89ce1e59c41.2882809615220482259405-1024x998.png\" alt=\"\" class=\"wp-image-134\" srcset=\"https:\/\/cboi.yt\/wp-content\/uploads\/2022\/03\/kisspng-preventive-maintenance-total-productive-maintenanc-repair-5ab89ce1e59c41.2882809615220482259405-1024x998.png 1024w, https:\/\/cboi.yt\/wp-content\/uploads\/2022\/03\/kisspng-preventive-maintenance-total-productive-maintenanc-repair-5ab89ce1e59c41.2882809615220482259405-300x292.png 300w, https:\/\/cboi.yt\/wp-content\/uploads\/2022\/03\/kisspng-preventive-maintenance-total-productive-maintenanc-repair-5ab89ce1e59c41.2882809615220482259405-768x749.png 768w, https:\/\/cboi.yt\/wp-content\/uploads\/2022\/03\/kisspng-preventive-maintenance-total-productive-maintenanc-repair-5ab89ce1e59c41.2882809615220482259405.png 1438w\" sizes=\"auto, (max-width: 1024px) 100vw, 1024px\" \/><\/figure>\n\n\n\n<p><\/p>\n\n\n\n<p><\/p>\n<\/div>\n<\/div>\n\n\n\n<div class=\"wp-block-columns alignwide is-layout-flex wp-container-core-columns-is-layout-9d6595d7 wp-block-columns-is-layout-flex\">\n<div class=\"wp-block-column is-layout-flow wp-block-column-is-layout-flow\">\n<h2 class=\"wp-block-heading has-large-font-size\"><strong>La V\u00e9rification<\/strong><\/h2>\n\n\n\n<p><strong>La Soci\u00e9t\u00e9 CBOI r\u00e9alise la v\u00e9rification p\u00e9riodique (VP) des instruments de pesage \u00e0 fonctionnement non automatique (IPFNA) sous le couvert de l\u2019agr\u00e9ment de GFP Contr\u00f4le n\u00b014.21.610.720.1 renouvel\u00e9<\/strong>.<\/p>\n\n\n\n<p><\/p>\n\n\n\n<p><\/p>\n<\/div>\n\n\n\n<div class=\"wp-block-column is-layout-flow wp-block-column-is-layout-flow\">\n<h2 class=\"wp-block-heading has-large-font-size\"><strong>La R\u00e9paration<\/strong><\/h2>\n\n\n\n<p><strong>La Soci\u00e9t\u00e9 CBOI r\u00e9alise <strong>la r\u00e9paration des IPFNA sous le couvert du certificat de GFP Contr\u00f4le n\u00b0LNE-22952.\u00a0<\/strong><\/strong><\/p>\n<\/div>\n<\/div>\n<\/div><\/div>\n\n\n\n<p><\/p>\n\n\n\n<hr class=\"wp-block-separator has-alpha-channel-opacity\"\/>\n\n\n\n<div class=\"wp-block-media-text alignwide is-stacked-on-mobile\" style=\"grid-template-columns:15% auto\"><figure class=\"wp-block-media-text__media\"><img loading=\"lazy\" decoding=\"async\" width=\"165\" height=\"200\" src=\"https:\/\/cboi.yt\/wp-content\/uploads\/2022\/11\/balance-poids-prix-homologuee-kern-rib-165.png\" alt=\"\" class=\"wp-image-346 size-full\"\/><\/figure><div class=\"wp-block-media-text__content\">\n<p><a href=\"https:\/\/cboi.yt\/?page_id=268\" target=\"_blank\" rel=\"noreferrer noopener\">La vente d&rsquo;IPFNA avec ou sans certificat d&rsquo;approbation, comme par exemple<\/a><\/p>\n\n\n\n<p style=\"line-height:0\">Balance de commerce<\/p>\n\n\n\n<p style=\"line-height:0\">Balance de pr\u00e9cision<\/p>\n\n\n\n<p style=\"line-height:0\">Balance d&rsquo;industrie<\/p>\n\n\n\n<p style=\"line-height:0\">Balance sp\u00e9ciales<\/p>\n\n\n\n<p>&#8230;<\/p>\n\n\n\n<p>Consulter nous : <a href=\"mailto:contact@cboi.yt\">contact@cboi.yt<\/a><\/p>\n<\/div><\/div>\n\n\n\n<hr class=\"wp-block-separator has-css-opacity alignwide\"\/>\n\n\n\n<div class=\"wp-block-group alignfull has-white-background-color has-background\"><div class=\"wp-block-group__inner-container is-layout-flow wp-block-group-is-layout-flow\">\n<h3 class=\"wp-block-heading has-text-align-center\">La R\u00e9glementation<\/h3>\n\n\n\n<div class=\"wp-block-buttons is-content-justification-center is-layout-flex wp-container-core-buttons-is-layout-16018d1d wp-block-buttons-is-layout-flex\">\n<div class=\"wp-block-button is-style-outline is-style-outline--1\"><a class=\"wp-block-button__link wp-element-button\" href=\"http:\/\/cboi.yt\/?page_id=119\">Acc\u00e9der<\/a><\/div>\n<\/div>\n<\/div><\/div>\n","protected":false},"excerpt":{"rendered":"<p>Votre prestataire de v\u00e9rification, r\u00e9paration et achats de vos Instruments de Pesage \u00e0 Fonctionnement non Automatique (IPFNA) La V\u00e9rification La Soci\u00e9t\u00e9 CBOI r\u00e9alise la v\u00e9rification p\u00e9riodique (VP) des instruments de pesage \u00e0 fonctionnement non automatique (IPFNA) sous le couvert de l\u2019agr\u00e9ment de GFP Contr\u00f4le n\u00b014.21.610.720.1 renouvel\u00e9. La R\u00e9paration La Soci\u00e9t\u00e9 CBOI r\u00e9alise la r\u00e9paration des&hellip; <a class=\"more-link\" href=\"https:\/\/cboi.yt\/\">Poursuivre la lecture <span class=\"screen-reader-text\">Accueil<\/span><\/a><\/p>\n","protected":false},"author":1,"featured_media":0,"parent":0,"menu_order":0,"comment_status":"closed","ping_status":"closed","template":"tw-header-transparent-light.php","meta":{"footnotes":""},"class_list":["post-79","page","type-page","status-publish","hentry","entry"],"uagb_featured_image_src":{"full":false,"thumbnail":false,"medium":false,"medium_large":false,"large":false,"1536x1536":false,"2048x2048":false,"post-thumbnail":false},"uagb_author_info":{"display_name":"admin7778","author_link":"https:\/\/cboi.yt\/?author=1"},"uagb_comment_info":0,"uagb_excerpt":"Votre prestataire de v\u00e9rification, r\u00e9paration et achats de vos Instruments de Pesage \u00e0 Fonctionnement non Automatique (IPFNA) La V\u00e9rification La Soci\u00e9t\u00e9 CBOI r\u00e9alise la v\u00e9rification p\u00e9riodique (VP) des instruments de pesage \u00e0 fonctionnement non automatique (IPFNA) sous le couvert de l\u2019agr\u00e9ment de GFP Contr\u00f4le n\u00b014.21.610.720.1 renouvel\u00e9. La R\u00e9paration La Soci\u00e9t\u00e9 CBOI r\u00e9alise la r\u00e9paration des&hellip;\u2026","_links":{"self":[{"href":"https:\/\/cboi.yt\/index.php?rest_route=\/wp\/v2\/pages\/79","targetHints":{"allow":["GET"]}}],"collection":[{"href":"https:\/\/cboi.yt\/index.php?rest_route=\/wp\/v2\/pages"}],"about":[{"href":"https:\/\/cboi.yt\/index.php?rest_route=\/wp\/v2\/types\/page"}],"author":[{"embeddable":true,"href":"https:\/\/cboi.yt\/index.php?rest_route=\/wp\/v2\/users\/1"}],"replies":[{"embeddable":true,"href":"https:\/\/cboi.yt\/index.php?rest_route=%2Fwp%2Fv2%2Fcomments&post=79"}],"version-history":[{"count":25,"href":"https:\/\/cboi.yt\/index.php?rest_route=\/wp\/v2\/pages\/79\/revisions"}],"predecessor-version":[{"id":373,"href":"https:\/\/cboi.yt\/index.php?rest_route=\/wp\/v2\/pages\/79\/revisions\/373"}],"wp:attachment":[{"href":"https:\/\/cboi.yt\/index.php?rest_route=%2Fwp%2Fv2%2Fmedia&parent=79"}],"curies":[{"name":"wp","href":"https:\/\/api.w.org\/{rel}","templated":true}]}}