{"id":83,"date":"2022-02-13T16:39:29","date_gmt":"2022-02-13T15:39:29","guid":{"rendered":"http:\/\/cboi.yt\/?page_id=83"},"modified":"2022-03-05T18:00:52","modified_gmt":"2022-03-05T17:00:52","slug":"contacts","status":"publish","type":"page","link":"https:\/\/cboi.yt\/?page_id=83","title":{"rendered":"Contacts, liens et r\u00e9glementation"},"content":{"rendered":"\n<hr class=\"wp-block-separator alignwide\"\/>\n\n\n\n<p class=\"has-h-3-font-size\" style=\"font-style:normal;font-weight:800\"><strong>Contacts :<\/strong><\/p>\n\n\n\n<div class=\"wp-block-media-text alignwide is-stacked-on-mobile\" style=\"grid-template-columns:24% auto\"><figure class=\"wp-block-media-text__media\"><img loading=\"lazy\" decoding=\"async\" width=\"570\" height=\"729\" src=\"http:\/\/cboi.yt\/wp-content\/uploads\/2022\/03\/kisspng-logo-graphic-design-advertising-agency-business-harvard-business-publishing-5b5b7ca2a21d70.254642951532722338664.png\" alt=\"\" class=\"wp-image-150 size-full\" srcset=\"https:\/\/cboi.yt\/wp-content\/uploads\/2022\/03\/kisspng-logo-graphic-design-advertising-agency-business-harvard-business-publishing-5b5b7ca2a21d70.254642951532722338664.png 570w, https:\/\/cboi.yt\/wp-content\/uploads\/2022\/03\/kisspng-logo-graphic-design-advertising-agency-business-harvard-business-publishing-5b5b7ca2a21d70.254642951532722338664-235x300.png 235w\" sizes=\"auto, (max-width: 570px) 100vw, 570px\" \/><\/figure><div class=\"wp-block-media-text__content\">\n<p class=\"has-extra-large-font-size\" style=\"letter-spacing:2px\"><strong>0639 291 366<\/strong><\/p>\n<\/div><\/div>\n\n\n\n<hr class=\"wp-block-separator\"\/>\n\n\n\n<div class=\"wp-block-media-text alignwide is-stacked-on-mobile\" style=\"grid-template-columns:24% auto\"><figure class=\"wp-block-media-text__media\"><img loading=\"lazy\" decoding=\"async\" width=\"1024\" height=\"871\" src=\"http:\/\/cboi.yt\/wp-content\/uploads\/2022\/03\/kisspng-email-address-email-box-gmail-email-forwarding-email-5ae0d45ed9c026.4153114815246838708919-1024x871.png\" alt=\"\" class=\"wp-image-152 size-full\" srcset=\"https:\/\/cboi.yt\/wp-content\/uploads\/2022\/03\/kisspng-email-address-email-box-gmail-email-forwarding-email-5ae0d45ed9c026.4153114815246838708919-1024x871.png 1024w, https:\/\/cboi.yt\/wp-content\/uploads\/2022\/03\/kisspng-email-address-email-box-gmail-email-forwarding-email-5ae0d45ed9c026.4153114815246838708919-300x255.png 300w, https:\/\/cboi.yt\/wp-content\/uploads\/2022\/03\/kisspng-email-address-email-box-gmail-email-forwarding-email-5ae0d45ed9c026.4153114815246838708919-768x653.png 768w, https:\/\/cboi.yt\/wp-content\/uploads\/2022\/03\/kisspng-email-address-email-box-gmail-email-forwarding-email-5ae0d45ed9c026.4153114815246838708919-1536x1306.png 1536w, https:\/\/cboi.yt\/wp-content\/uploads\/2022\/03\/kisspng-email-address-email-box-gmail-email-forwarding-email-5ae0d45ed9c026.4153114815246838708919.png 1550w\" sizes=\"auto, (max-width: 1024px) 100vw, 1024px\" \/><\/figure><div class=\"wp-block-media-text__content\">\n<p class=\"has-extra-large-font-size\" style=\"letter-spacing:2px\"><strong>contact@cboi.yt<\/strong><\/p>\n<\/div><\/div>\n\n\n\n<hr class=\"wp-block-separator alignwide\"\/>\n\n\n\n<p class=\"has-h-3-font-size\" style=\"font-style:normal;font-weight:800\">Liens :<\/p>\n\n\n\n<ul class=\"wp-block-list\"><li><a href=\"https:\/\/www.gfpcontrole.fr\/\">GFP Contr\u00f4le<\/a><\/li><li><a href=\"https:\/\/www.cofrac.fr\/\">COFRAC<\/a><\/li><li><a href=\"https:\/\/www.lne.fr\/fr\">LNE<\/a><\/li><li><a href=\"https:\/\/www.afnor.org\/\">AFNOR<\/a><\/li><li><a href=\"https:\/\/www.legifrance.gouv.fr\/\">LEGIFRANCE<\/a><\/li><\/ul>\n\n\n\n<hr class=\"wp-block-separator alignwide\"\/>\n\n\n\n<p class=\"has-h-3-font-size\" style=\"font-style:normal;font-weight:800\">Principales r\u00e9glementations :<\/p>\n\n\n\n<p>\u2022 EN45501 : 2015 : Aspects m\u00e9trologiques des IPFNA,<br>\u2022 D\u00e9cret n\u00b02001-387 du 3 mai 2001 relatif aux instruments de mesure (modifi\u00e9 par le d\u00e9cret n\u00b02016-769 du 9<br>juin 2016),<br>\u2022 Arr\u00eat\u00e9 du 31 d\u00e9cembre 2001 relatif aux instruments de mesure,<br>\u2022 Arr\u00eate du 9 juin 2016 fixant les modalit\u00e9s d\u2019application du titre II du d\u00e9cret 2001-387 du 3 mai 2001 relatif au<br>contr\u00f4le des instruments de mesure,<br>\u2022 Arr\u00eat\u00e9 du 26 mai 2004 relatif aux IPFNA,<br>\u2022 D\u00e9cision n\u00b02009.00.610.001.1 du 13 juillet 2009 relative au contr\u00f4le des IPFNA en service,<br>\u2022 Welmec 2.0 : Directive 2014\/31\/UE et 2014\/32\/UE \u2013 Application commune pour IPFNA, IPFA et instruments<br>de mesure multidimensionnels (IMMD),<br>\u2022 Welmec 2.2 : Guide de contr\u00f4le des terminaux point de vente (TPV)<br>\u2022 Welmec 2.4 : Guide d\u00e9finissant les montages non-critiques pour les IPFNA et les IPFA,<br>\u2022 Welmec 2.10 Mise en \u0153uvre technique de l&rsquo;\u00e9valuation modulaire pour les IPFNA et les IPFA,<br>\u2022 norme OIML R111 : 2004 : poids de classe E1, E2, F1, F2, M1, M1-2, M2, M2-3, M3,<br>\u2022 d\u00e9cret n\u00b075-312 du 9 avril 1975, l\u2019arr\u00eat\u00e9 du 11 juin 1975 et la d\u00e9cision n\u00b02010.00.600.001.1 du 28 juin 2010<br>abrogeant la circulaire n\u00b092-00-600-001-1 du 15 octobre 1992.<\/p>\n","protected":false},"excerpt":{"rendered":"<p>Contacts : 0639 291 366 contact@cboi.yt Liens : GFP Contr\u00f4le COFRAC LNE AFNOR LEGIFRANCE Principales r\u00e9glementations : \u2022 EN45501 : 2015 : Aspects m\u00e9trologiques des IPFNA,\u2022 D\u00e9cret n\u00b02001-387 du 3 mai 2001 relatif aux instruments de mesure (modifi\u00e9 par le d\u00e9cret n\u00b02016-769 du 9juin 2016),\u2022 Arr\u00eat\u00e9 du 31 d\u00e9cembre 2001 relatif aux instruments de mesure,\u2022&hellip; <a class=\"more-link\" href=\"https:\/\/cboi.yt\/?page_id=83\">Poursuivre la lecture <span class=\"screen-reader-text\">Contacts, liens et r\u00e9glementation<\/span><\/a><\/p>\n","protected":false},"author":1,"featured_media":0,"parent":0,"menu_order":0,"comment_status":"closed","ping_status":"closed","template":"","meta":{"footnotes":""},"class_list":["post-83","page","type-page","status-publish","hentry","entry"],"uagb_featured_image_src":{"full":false,"thumbnail":false,"medium":false,"medium_large":false,"large":false,"1536x1536":false,"2048x2048":false,"post-thumbnail":false},"uagb_author_info":{"display_name":"admin7778","author_link":"https:\/\/cboi.yt\/?author=1"},"uagb_comment_info":0,"uagb_excerpt":"Contacts : 0639 291 366 contact@cboi.yt Liens : GFP Contr\u00f4le COFRAC LNE AFNOR LEGIFRANCE Principales r\u00e9glementations : \u2022 EN45501 : 2015 : Aspects m\u00e9trologiques des IPFNA,\u2022 D\u00e9cret n\u00b02001-387 du 3 mai 2001 relatif aux instruments de mesure (modifi\u00e9 par le d\u00e9cret n\u00b02016-769 du 9juin 2016),\u2022 Arr\u00eat\u00e9 du 31 d\u00e9cembre 2001 relatif aux instruments de mesure,\u2022&hellip;\u2026","_links":{"self":[{"href":"https:\/\/cboi.yt\/index.php?rest_route=\/wp\/v2\/pages\/83","targetHints":{"allow":["GET"]}}],"collection":[{"href":"https:\/\/cboi.yt\/index.php?rest_route=\/wp\/v2\/pages"}],"about":[{"href":"https:\/\/cboi.yt\/index.php?rest_route=\/wp\/v2\/types\/page"}],"author":[{"embeddable":true,"href":"https:\/\/cboi.yt\/index.php?rest_route=\/wp\/v2\/users\/1"}],"replies":[{"embeddable":true,"href":"https:\/\/cboi.yt\/index.php?rest_route=%2Fwp%2Fv2%2Fcomments&post=83"}],"version-history":[{"count":5,"href":"https:\/\/cboi.yt\/index.php?rest_route=\/wp\/v2\/pages\/83\/revisions"}],"predecessor-version":[{"id":205,"href":"https:\/\/cboi.yt\/index.php?rest_route=\/wp\/v2\/pages\/83\/revisions\/205"}],"wp:attachment":[{"href":"https:\/\/cboi.yt\/index.php?rest_route=%2Fwp%2Fv2%2Fmedia&parent=83"}],"curies":[{"name":"wp","href":"https:\/\/api.w.org\/{rel}","templated":true}]}}